{"id":90,"date":"2019-05-15T00:42:02","date_gmt":"2019-05-15T03:42:02","guid":{"rendered":"https:\/\/site.projetoaiti.medicina.ufmg.br\/?page_id=90"},"modified":"2019-06-03T18:27:12","modified_gmt":"2019-06-03T21:27:12","slug":"acompanhantes","status":"publish","type":"page","link":"https:\/\/projetoaiti.medicina.ufmg.br\/index.php\/acompanhantes\/","title":{"rendered":"Acompanhantes e Paciente"},"content":{"rendered":"\n<p>Durante o tratamento de todos os pacientes \u00e9 muito importante que o paciente e sua fam\u00edlia sejam protagonista do cuidado. Ou seja, \u00e9 necess\u00e1rio que esses se envolvam em todas as etapas do cuidado. Para isso \u00e9 necess\u00e1rio entender todos os aspectos da doen\u00e7a e da sa\u00fade do paciente, seus medicamentos de uso, o que esperar nos pr\u00f3ximos dias de evolu\u00e7\u00e3o do quadro, sinais de piora e fatores que melhoram o curso do quadro. Dessa maneira, a equipe de sa\u00fade junto com o paciente devem manter uma conversa ativa e de maneira clara de maneira que ambos entendam tudo que esta sendo acordado sobre a doen\u00e7a e tratamento do paciente.<\/p>\n\n\n\n<h2 style=\"text-align:left\">Voc\u00ea pode solicitar uma reuni\u00e3o de acolhimento ao visitante para ouvir orienta\u00e7\u00f5es sobre as visitas<\/h2>\n\n\n\n<p>\u00c9 poss\u00edvel agendar uma reuni\u00e3o com algu\u00e9m do projeto para poder ser orientado sobre o funcionamento do CTI, para isso basta apenas conversar com algum dos secret\u00e1rios e pedir para realizar a marca\u00e7\u00e3o desse encontro. Um resumo dos assuntos tratados nessa reuni\u00e3o est\u00e3o na aba <strong><a href=\"https:\/\/site.projetoaiti.medicina.ufmg.br\/index.php\/acompanhantes\/downloads\/\">Download<\/a><\/strong> com o nome <strong>Reuni\u00e3o de acolhimento aos acompanhantes.<\/strong><\/p>\n\n\n\n<h2>Visitas<\/h2>\n\n\n\n<p>Durante as visitas ao CTI os familiares tem a possibilidade de estar em contato com seu familiar e\/ou amigo. Al\u00e9m de entender melhor como \u00e9 esse local.<br>No HC-UFMG existem, atualmente, 02 tipos de visitas. A Visita Ampliada e a Visita Social<\/p>\n\n\n\n<div class=\"wp-block-columns has-2-columns\">\n<div class=\"wp-block-column\">\n<h2>Visita Ampliada<\/h2>\n\n\n\n<ul><li>Acesso Livre<\/li><li>At\u00e9 02 acompanhantes. Um por vez.<\/li><\/ul>\n\n\n\n<p style=\"text-align:center\" class=\"has-text-color has-background has-very-dark-gray-color has-pale-cyan-blue-background-color\"><strong>8h \u00e0s 18:30   <\/strong><\/p>\n<\/div>\n\n\n\n<div class=\"wp-block-column\">\n<h2>Visita Social<\/h2>\n\n\n\n<ul><li>Outros familiares e amigos<\/li><li>At\u00e9 04 acompanhantes. Dois por vez<\/li><\/ul>\n\n\n\n<p style=\"text-align:center\" class=\"has-background has-pale-cyan-blue-background-color\"><strong>10h \u00e0s 12H e 15h \u00e0s 17h<\/strong><\/p>\n<\/div>\n<\/div>\n\n\n\n<p>As corridas de leito ocorrem diariamente durante a manh\u00e3, tente estar presente para tirar suas d\u00favidas com o medico assistente. Uma dica para n\u00e3o se esquecer \u00e9 anota-las em um papel assim que forem aparecendo.<\/p>\n\n\n\n<h2> Regras de comportamento <\/h2>\n\n\n\n<p>Para um bom cuidado a sa\u00fade devemos pensar em alguns pontos importantes de conviv\u00eancia e outros particulares ao CTI. Em caso de n\u00e3o colabora\u00e7\u00e3o, as visitas podem ser suspensas. Outras regras de comportamento est\u00e3o no nossos materiais para <strong><a href=\"https:\/\/site.projetoaiti.medicina.ufmg.br\/index.php\/acompanhantes\/downloads\/\">Download<\/a><\/strong>.<\/p>\n\n\n\n<ul><li>Pessoas com suspeita de doen\u00e7as transmissiveis n\u00e3o devem realizar visitas (Ex: Dengue, resfriados, conjuntivite), na d\u00favida, pergunte ao medico. <\/li><li> Os visitantes devem ser maiores de 14 anos <\/li><li> \u00c9 proibido vir ao hospital sobre o efeito de \u00e1lcool ou outras drogas. <\/li><li>Identifique-se aos secret\u00e1rios do CTI<\/li><li>Retire adornos. ( brincos, rel\u00f3gios e colares) <\/li><li>Lave as m\u00e3os ao entrar e sair<\/li><li>Evite entrar e sair do hospital varias vezes<\/li><li>Organize-se para que as visitas ao paciente aconte\u00e7a com uma pessoa de cada vez<\/li><li>Mantenha uma boa rela\u00e7\u00e3o com a equipe de sa\u00fade, os outros pacientes e seus acompanhantes<\/li><li>A equipe do CTI e capacitada e bem treinada para oferecer o melhor cuidado para o paciente, n\u00e3o \u00e9 necess\u00e1rio solicitar medicamentos ou cuidados de rotina como troca de curativos.<\/li><\/ul>\n\n\n\n<h2>Informa\u00e7\u00f5es uteis<\/h2>\n\n\n\n<p>Refei\u00e7\u00f5es: <\/p>\n\n\n\n<p>S\u00e3o oferecidas <strong>2 refei\u00e7\u00f5es por leito, exclusivamente<\/strong> aos acompanhantes da <strong>VISITA AMPLIADA<\/strong>:<\/p>\n\n\n\n<ul><li>Almo\u00e7o<\/li><li>Lanche da tarde<\/li><\/ul>\n\n\n\n<p>\n\nA refei\u00e7\u00e3o dever\u00e1 ser realizada no leito, ao lado do paciente.\n\n<\/p>\n","protected":false},"excerpt":{"rendered":"<p>Durante o tratamento de todos os pacientes \u00e9 muito importante que o paciente e sua fam\u00edlia sejam protagonista do cuidado. Ou seja, \u00e9 necess\u00e1rio que esses se envolvam em todas as etapas do cuidado. Para isso \u00e9 necess\u00e1rio entender todos os aspectos da doen\u00e7a e da sa\u00fade do paciente, seus medicamentos de uso, o que &hellip; <\/p>\n<p class=\"link-more\"><a href=\"https:\/\/projetoaiti.medicina.ufmg.br\/index.php\/acompanhantes\/\" class=\"more-link\">Continue lendo<span class=\"screen-reader-text\"> &#8220;Acompanhantes e Paciente&#8221;<\/span><\/a><\/p>\n","protected":false},"author":2,"featured_media":0,"parent":0,"menu_order":0,"comment_status":"closed","ping_status":"closed","template":"","meta":[],"_links":{"self":[{"href":"https:\/\/projetoaiti.medicina.ufmg.br\/index.php\/wp-json\/wp\/v2\/pages\/90"}],"collection":[{"href":"https:\/\/projetoaiti.medicina.ufmg.br\/index.php\/wp-json\/wp\/v2\/pages"}],"about":[{"href":"https:\/\/projetoaiti.medicina.ufmg.br\/index.php\/wp-json\/wp\/v2\/types\/page"}],"author":[{"embeddable":true,"href":"https:\/\/projetoaiti.medicina.ufmg.br\/index.php\/wp-json\/wp\/v2\/users\/2"}],"replies":[{"embeddable":true,"href":"https:\/\/projetoaiti.medicina.ufmg.br\/index.php\/wp-json\/wp\/v2\/comments?post=90"}],"version-history":[{"count":15,"href":"https:\/\/projetoaiti.medicina.ufmg.br\/index.php\/wp-json\/wp\/v2\/pages\/90\/revisions"}],"predecessor-version":[{"id":195,"href":"https:\/\/projetoaiti.medicina.ufmg.br\/index.php\/wp-json\/wp\/v2\/pages\/90\/revisions\/195"}],"wp:attachment":[{"href":"https:\/\/projetoaiti.medicina.ufmg.br\/index.php\/wp-json\/wp\/v2\/media?parent=90"}],"curies":[{"name":"wp","href":"https:\/\/api.w.org\/{rel}","templated":true}]}}