{"id":873,"date":"2020-08-24T11:24:48","date_gmt":"2020-08-24T14:24:48","guid":{"rendered":"https:\/\/projetoaiti.medicina.ufmg.br\/?page_id=873"},"modified":"2020-08-24T11:29:01","modified_gmt":"2020-08-24T14:29:01","slug":"podcast-reabilitacao-apos-ventilacao-mecanica-prolongada","status":"publish","type":"page","link":"https:\/\/projetoaiti.medicina.ufmg.br\/index.php\/podcast-reabilitacao-apos-ventilacao-mecanica-prolongada\/","title":{"rendered":"PODCAST:  Reabilita\u00e7\u00e3o ap\u00f3s Ventila\u00e7\u00e3o Mec\u00e2nica Prolongada."},"content":{"rendered":"\n<figure class=\"wp-block-image size-large is-resized\"><img loading=\"lazy\" src=\"https:\/\/projetoaiti.medicina.ufmg.br\/wp-content\/uploads\/2020\/08\/reab.png\" alt=\"\" class=\"wp-image-874\" width=\"323\" height=\"346\" srcset=\"https:\/\/projetoaiti.medicina.ufmg.br\/wp-content\/uploads\/2020\/08\/reab.png 556w, https:\/\/projetoaiti.medicina.ufmg.br\/wp-content\/uploads\/2020\/08\/reab-280x300.png 280w\" sizes=\"(max-width: 323px) 100vw, 323px\" \/><\/figure>\n\n\n\n<p>Voc\u00eas j\u00e1 ouviram aquela express\u00e3o \u201crespirando com a ajuda de aparelhos\u201d? Este termo quer dizer que o paciente apresentou um quadro cl\u00ednico de insufici\u00eancia respirat\u00f3ria aguda e necessitou ser acoplado a um respirador mec\u00e2nico atrav\u00e9s de uma via a\u00e9rea artificial. E o que seria a insufici\u00eancia respirat\u00f3ria? Bem, essa e outras perguntas voc\u00ea pode conferir no nosso podcast.<\/p>\n\n\n\n<p>N\u00f3s do projeto AITI juntamente com o Avascast entrevistamos a Dra. Nat\u00e1lia Amaral, que \u00e9 fisioterapeuta formada pela UFMG, para abordar o assunto com informa\u00e7\u00f5es baseadas em evid\u00eancia. Nesse epis\u00f3dio contaremos o que \u00e9 a ventila\u00e7\u00e3o mec\u00e2nica prolongada, os motivos e meios para usar esse recurso, as poss\u00edveis consequ\u00eancias para o paciente hospitalizado e a atua\u00e7\u00e3o do fisioterapeuta frente a essas complica\u00e7\u00f5es.<\/p>\n\n\n\n<p>Para se informar, basta acessar um dos links abaixo:\u00a0<\/p>\n\n\n\n<p style=\"color:#0d8238\" class=\"has-text-color\">&#8211; Spotify: <a href=\"https:\/\/open.spotify.com\/episode\/3W03nEFDWRgtsdnylOdmdU?si=mxcdBGOWTKeADut8rXaPJg\" target=\"_blank\" rel=\"noreferrer noopener\">https:\/\/open.spotify.com\/episode\/3W03nEFDWRgtsdnylOdmdU?si=mxcdBGOWTKeADut8rXaPJg<\/a><\/p>\n\n\n\n<p class=\"has-text-color has-vivid-cyan-blue-color\">&#8211; Ancor: <a href=\"https:\/\/anchor.fm\/avascast\/episodes\/16---Reabilitao-aps-Ventilao-Mecnica-Prolongada-egm8kj\" target=\"_blank\" rel=\"noreferrer noopener\">https:\/\/anchor.fm\/avascast\/episodes\/16&#8212;Reabilitao-aps-Ventilao-Mecnica-Prolongada-egm8kj<\/a><\/p>\n\n\n\n<p class=\"has-text-color has-vivid-red-color\">&#8211; Avascast: <a href=\"https:\/\/www.medicina.ufmg.br\/avascast\/episodios\/16-reabilitacao-apos-ventilacao-mecanica-prolongada\/\" target=\"_blank\" rel=\"noreferrer noopener\">https:\/\/www.medicina.ufmg.br\/avascast\/episodios\/16-reabilitacao-apos-ventilacao-mecanica-prolongada\/<\/a><\/p>\n","protected":false},"excerpt":{"rendered":"<p>Voc\u00eas j\u00e1 ouviram aquela express\u00e3o \u201crespirando com a ajuda de aparelhos\u201d? Este termo quer dizer que o paciente apresentou um quadro cl\u00ednico de insufici\u00eancia respirat\u00f3ria aguda e necessitou ser acoplado a um respirador mec\u00e2nico atrav\u00e9s de uma via a\u00e9rea artificial. E o que seria a insufici\u00eancia respirat\u00f3ria? Bem, essa e outras perguntas voc\u00ea pode conferir &hellip; <\/p>\n<p class=\"link-more\"><a href=\"https:\/\/projetoaiti.medicina.ufmg.br\/index.php\/podcast-reabilitacao-apos-ventilacao-mecanica-prolongada\/\" class=\"more-link\">Continue lendo<span class=\"screen-reader-text\"> &#8220;PODCAST:  Reabilita\u00e7\u00e3o ap\u00f3s Ventila\u00e7\u00e3o Mec\u00e2nica Prolongada.&#8221;<\/span><\/a><\/p>\n","protected":false},"author":4,"featured_media":0,"parent":0,"menu_order":0,"comment_status":"closed","ping_status":"closed","template":"","meta":[],"_links":{"self":[{"href":"https:\/\/projetoaiti.medicina.ufmg.br\/index.php\/wp-json\/wp\/v2\/pages\/873"}],"collection":[{"href":"https:\/\/projetoaiti.medicina.ufmg.br\/index.php\/wp-json\/wp\/v2\/pages"}],"about":[{"href":"https:\/\/projetoaiti.medicina.ufmg.br\/index.php\/wp-json\/wp\/v2\/types\/page"}],"author":[{"embeddable":true,"href":"https:\/\/projetoaiti.medicina.ufmg.br\/index.php\/wp-json\/wp\/v2\/users\/4"}],"replies":[{"embeddable":true,"href":"https:\/\/projetoaiti.medicina.ufmg.br\/index.php\/wp-json\/wp\/v2\/comments?post=873"}],"version-history":[{"count":3,"href":"https:\/\/projetoaiti.medicina.ufmg.br\/index.php\/wp-json\/wp\/v2\/pages\/873\/revisions"}],"predecessor-version":[{"id":880,"href":"https:\/\/projetoaiti.medicina.ufmg.br\/index.php\/wp-json\/wp\/v2\/pages\/873\/revisions\/880"}],"wp:attachment":[{"href":"https:\/\/projetoaiti.medicina.ufmg.br\/index.php\/wp-json\/wp\/v2\/media?parent=873"}],"curies":[{"name":"wp","href":"https:\/\/api.w.org\/{rel}","templated":true}]}}