{"id":87,"date":"2019-05-15T00:40:12","date_gmt":"2019-05-15T00:40:12","guid":{"rendered":"https:\/\/site.projetoaiti.medicina.ufmg.br\/?page_id=87"},"modified":"2020-04-07T17:49:47","modified_gmt":"2020-04-07T20:49:47","slug":"sobre-o-cti","status":"publish","type":"page","link":"https:\/\/projetoaiti.medicina.ufmg.br\/index.php\/sobre-o-cti\/","title":{"rendered":"Sobre o CTI"},"content":{"rendered":"\n<h2>O que \u00e9 um Centro de Atendimento Intensivo (CTI)<\/h2>\n\n\n\n<p style=\"text-align:left\"> O&nbsp; CTI \u00e9 o setor do hospital que recebe os pacientes que necessitam de cuidados intensivos e monitoriza\u00e7\u00e3o cont\u00ednua durante dia e noite devido \u00e0 instabilidade cl\u00ednica ou no p\u00f3s operat\u00f3rio de cirurgias complexas. Com o intuito de recuperar pacientes graves, ele emprega dispositivos complexos e medicamentos poderosos que exigem equipe altamente especializada.<\/p>\n\n\n\n<h2>Profissionais<\/h2>\n\n\n\n<p>O cuidado dentro do CTI deve ser multidisciplinar, assim conta com profissionais das seguintes \u00e1reas: Medicina, Enfermagem, Psicologia, Farm\u00e1cia, Fisioterapia, Nutri\u00e7\u00e3o, Fonoaudiologia e Assist\u00eancia Social.<\/p>\n\n\n\n<h2>Aparelhos<\/h2>\n\n\n\n<p>Por ser um local de cuidados intensivos, o CTI disp\u00f5e de diversos aparelhos para realizar a assist\u00eancia aos pacientes. Alguns desses podem ser diferentes, assim \u00e9 importante conhec\u00ea-los.<br><br>Aqui est\u00e3o alguns dos principais:<\/p>\n\n\n\n<div class=\"wp-block-columns has-2-columns\">\n<div class=\"wp-block-column\">\n<div class=\"wp-block-image\"><figure class=\"aligncenter is-resized\"><img loading=\"lazy\" src=\"https:\/\/site.projetoaiti.medicina.ufmg.br\/wp-content\/uploads\/2019\/10\/IMG_20190819_152010458-768x1024.jpg\" alt=\"\" class=\"wp-image-483\" width=\"233\" height=\"310\" srcset=\"https:\/\/projetoaiti.medicina.ufmg.br\/wp-content\/uploads\/2019\/10\/IMG_20190819_152010458-768x1024.jpg 768w, https:\/\/projetoaiti.medicina.ufmg.br\/wp-content\/uploads\/2019\/10\/IMG_20190819_152010458-225x300.jpg 225w\" sizes=\"(max-width: 233px) 100vw, 233px\" \/><\/figure><\/div>\n\n\n\n<h2> Monitor de sinais vitais <\/h2>\n\n\n\n<p style=\"font-size:14px;text-align:left\">Demonstra a monitoriza\u00e7\u00e3o de diversos par\u00e2metros vitais como: frequ\u00eancia card\u00edaca e respirat\u00f3ria, satura\u00e7\u00e3o de oxig\u00eanio, press\u00e3o arterial e temperatura do paciente.<br><br>Auxilia a equipe no entendimento r\u00e1pido sobre a situa\u00e7\u00e3o do paciente. \u00c9 importante ficar atento durante o manuseio do paciente e ao caminhar perto do monitor para evitar retirada de cabos.<br><br><br><br><br><\/p>\n\n\n\n<div class=\"wp-block-image\"><figure class=\"aligncenter is-resized\"><img loading=\"lazy\" src=\"https:\/\/site.projetoaiti.medicina.ufmg.br\/wp-content\/uploads\/2019\/11\/IMG_20190807_162937855-1024x768.jpg\" alt=\"\" class=\"wp-image-555\" width=\"230\" height=\"172\" srcset=\"https:\/\/projetoaiti.medicina.ufmg.br\/wp-content\/uploads\/2019\/11\/IMG_20190807_162937855-1024x768.jpg 1024w, https:\/\/projetoaiti.medicina.ufmg.br\/wp-content\/uploads\/2019\/11\/IMG_20190807_162937855-300x225.jpg 300w, https:\/\/projetoaiti.medicina.ufmg.br\/wp-content\/uploads\/2019\/11\/IMG_20190807_162937855-768x576.jpg 768w\" sizes=\"(max-width: 230px) 100vw, 230px\" \/><\/figure><\/div>\n\n\n\n<h2>Unidade Manual de Respira\u00e7\u00e3o Artificial <\/h2>\n\n\n\n<p style=\"font-size:14px\">Representado pelo dispositivo da imagem, bolsa-v\u00e1lvula-m\u00e1scara (BVM), consiste em uma bolsa auto-inflada, uma v\u00e1lvula sem refluxo de ar e uma m\u00e1scara macia que se ajusta ao rosto.<br><br>\u00c9 usado para fornecer ventila\u00e7\u00e3o tempor\u00e1ria em muitas situa\u00e7\u00f5es, permitindo tempo suficiente para a obten\u00e7\u00e3o do controle definitivo das vias a\u00e9reas. <br><br><br><br><br><br><br><br><br><\/p>\n\n\n\n<div class=\"wp-block-image\"><figure class=\"aligncenter is-resized\"><img loading=\"lazy\" src=\"https:\/\/site.projetoaiti.medicina.ufmg.br\/wp-content\/uploads\/2019\/10\/IMG_20190828_164804926-1-1024x635.jpg\" alt=\"\" class=\"wp-image-487\" width=\"280\" height=\"174\" srcset=\"https:\/\/projetoaiti.medicina.ufmg.br\/wp-content\/uploads\/2019\/10\/IMG_20190828_164804926-1-1024x635.jpg 1024w, https:\/\/projetoaiti.medicina.ufmg.br\/wp-content\/uploads\/2019\/10\/IMG_20190828_164804926-1-300x186.jpg 300w, https:\/\/projetoaiti.medicina.ufmg.br\/wp-content\/uploads\/2019\/10\/IMG_20190828_164804926-1-768x476.jpg 768w\" sizes=\"(max-width: 280px) 100vw, 280px\" \/><\/figure><\/div>\n\n\n\n<h2>Acesso venoso perif\u00e9rico <\/h2>\n\n\n\n<p style=\"font-size:14px;text-align:left\">Usado para aplicar soro e medicamentos na veia do paciente.<br><br>\u00c9 essencial ter cuidado ao se movimentar para evitar perder o acesso. Caso o paciente apresente dor, incha\u00e7o no local do acesso ou o soro n\u00e3o estiver gotejando, \u00e9 necess\u00e1rio comunicar a equipe.<br><br><br><br><br><\/p>\n<\/div>\n\n\n\n<div class=\"wp-block-column\">\n<div class=\"wp-block-image\"><figure class=\"aligncenter is-resized\"><img loading=\"lazy\" src=\"https:\/\/site.projetoaiti.medicina.ufmg.br\/wp-content\/uploads\/2019\/11\/IMG_20190807_163553043-768x1024.jpg\" alt=\"\" class=\"wp-image-556\" width=\"235\" height=\"313\" srcset=\"https:\/\/projetoaiti.medicina.ufmg.br\/wp-content\/uploads\/2019\/11\/IMG_20190807_163553043-768x1024.jpg 768w, https:\/\/projetoaiti.medicina.ufmg.br\/wp-content\/uploads\/2019\/11\/IMG_20190807_163553043-225x300.jpg 225w\" sizes=\"(max-width: 235px) 100vw, 235px\" \/><\/figure><\/div>\n\n\n\n<h2> Desfibrilador Externo<\/h2>\n\n\n\n<p style=\"font-size:14px\">\u00c9 um equipamento port\u00e1til que analisa o ritmo do cora\u00e7\u00e3o atrav\u00e9s de eletrodos fixados ao paciente.<br><br>O aparelho \u00e9 usado em quadros de emerg\u00eancia card\u00edaca e funciona com base em descarrega de cargas el\u00e9tricas na parede tor\u00e1cica (desfibrilador externo), a fim de reverter arritmias.  <br>  <br><br><br><br><\/p>\n\n\n\n<div class=\"wp-block-image\"><figure class=\"aligncenter is-resized\"><img loading=\"lazy\" src=\"https:\/\/site.projetoaiti.medicina.ufmg.br\/wp-content\/uploads\/2019\/10\/IMGBIN_medical-ventilator-artificial-ventilation-breathing-wakakusa-daiichi-hospital-health-care-png_207DPB87.png\" alt=\"\" class=\"wp-image-488\" width=\"233\" height=\"219\" srcset=\"https:\/\/projetoaiti.medicina.ufmg.br\/wp-content\/uploads\/2019\/10\/IMGBIN_medical-ventilator-artificial-ventilation-breathing-wakakusa-daiichi-hospital-health-care-png_207DPB87.png 800w, https:\/\/projetoaiti.medicina.ufmg.br\/wp-content\/uploads\/2019\/10\/IMGBIN_medical-ventilator-artificial-ventilation-breathing-wakakusa-daiichi-hospital-health-care-png_207DPB87-300x282.png 300w, https:\/\/projetoaiti.medicina.ufmg.br\/wp-content\/uploads\/2019\/10\/IMGBIN_medical-ventilator-artificial-ventilation-breathing-wakakusa-daiichi-hospital-health-care-png_207DPB87-768x722.png 768w\" sizes=\"(max-width: 233px) 100vw, 233px\" \/><\/figure><\/div>\n\n\n\n<h2>Ventila\u00e7\u00e3o mec\u00e2nica invasiva <\/h2>\n\n\n\n<p style=\"font-size:14px;text-align:left\">\u00c9 uma maneira de realizar a ventila\u00e7\u00e3o para o paciente de maneira artificial utilizando algum dispositivo como  tubo oro ou nasotraqueal . Consiste em um m\u00e9todo de suporte para o tratamento de pacientes com insufici\u00eancia respirat\u00f3ria aguda ou cr\u00f4nica agudizada. <br><br>\u00c9 fundamental ter cuidado ao movimentar o paciente para evitar acidentes com a tomada ou com os tubos.<br><br><br><br><br><br><br><\/p>\n\n\n\n<div class=\"wp-block-image\"><figure class=\"aligncenter is-resized\"><img loading=\"lazy\" src=\"https:\/\/site.projetoaiti.medicina.ufmg.br\/wp-content\/uploads\/2019\/10\/IMG_20190819_151503288-768x1024.jpg\" alt=\"\" class=\"wp-image-484\" width=\"191\" height=\"254\" srcset=\"https:\/\/projetoaiti.medicina.ufmg.br\/wp-content\/uploads\/2019\/10\/IMG_20190819_151503288-768x1024.jpg 768w, https:\/\/projetoaiti.medicina.ufmg.br\/wp-content\/uploads\/2019\/10\/IMG_20190819_151503288-225x300.jpg 225w\" sizes=\"(max-width: 191px) 100vw, 191px\" \/><\/figure><\/div>\n\n\n\n<h2> Bolsa coletora de urina <\/h2>\n\n\n\n<p style=\"font-size:14px;text-align:left\">Armazena a urina retirada pela sonda vesical.<br><br>Em diversas doen\u00e7as \u00e9 importante quantificar a quantidade de urina feita pelo paciente, al\u00e9m de sua cor e aspecto. Tamb\u00e9m \u00e9 relevante sempre ter cuidado com o manuseio do paciente e bolsa para n\u00e3o perder a sonda vesical ou a urina.<br><br><br><br><\/p>\n<\/div>\n<\/div>\n\n\n\n<div class=\"wp-block-columns has-2-columns\">\n<div class=\"wp-block-column\">\n<div class=\"wp-block-image\"><figure class=\"aligncenter is-resized\"><img loading=\"lazy\" src=\"https:\/\/site.projetoaiti.medicina.ufmg.br\/wp-content\/uploads\/2019\/10\/patient-tracheostomy-ventilator-hospital_41043-74.jpg\" alt=\"\" class=\"wp-image-505\" width=\"291\" height=\"193\" srcset=\"https:\/\/projetoaiti.medicina.ufmg.br\/wp-content\/uploads\/2019\/10\/patient-tracheostomy-ventilator-hospital_41043-74.jpg 626w, https:\/\/projetoaiti.medicina.ufmg.br\/wp-content\/uploads\/2019\/10\/patient-tracheostomy-ventilator-hospital_41043-74-300x200.jpg 300w\" sizes=\"(max-width: 291px) 100vw, 291px\" \/><\/figure><\/div>\n\n\n\n<h2>Traqueostomia<\/h2>\n\n\n\n<p style=\"font-size:14px\">Alguns pacientes podem necessitar do uso de c\u00e2nula para facilitar a entrada de ar para os pulm\u00f5es. Para isso \u00e9 necess\u00e1rio uma pequena cirurgia, chamada traqueostomia, em que \u00e9 feita abertura na traqueia e colocada desta c\u00e2nula. <br><br>Conhe\u00e7a melhor em <strong><a rel=\"noreferrer noopener\" aria-label=\"Traqueostomia (abre numa nova aba)\" href=\"https:\/\/site.projetoaiti.medicina.ufmg.br\/index.php\/traqueostomia\/\" target=\"_blank\">Traqueostomia<\/a><\/strong>.<\/p>\n<\/div>\n\n\n\n<div class=\"wp-block-column\">\n<div class=\"wp-block-image\"><figure class=\"aligncenter is-resized\"><img loading=\"lazy\" src=\"https:\/\/site.projetoaiti.medicina.ufmg.br\/wp-content\/uploads\/2019\/11\/IMG_20190828_163752784-e1572925330855-1024x758.jpg\" alt=\"\" class=\"wp-image-554\" width=\"272\" height=\"201\" srcset=\"https:\/\/projetoaiti.medicina.ufmg.br\/wp-content\/uploads\/2019\/11\/IMG_20190828_163752784-e1572925330855-1024x758.jpg 1024w, https:\/\/projetoaiti.medicina.ufmg.br\/wp-content\/uploads\/2019\/11\/IMG_20190828_163752784-e1572925330855-300x222.jpg 300w, https:\/\/projetoaiti.medicina.ufmg.br\/wp-content\/uploads\/2019\/11\/IMG_20190828_163752784-e1572925330855-768x568.jpg 768w\" sizes=\"(max-width: 272px) 100vw, 272px\" \/><\/figure><\/div>\n\n\n\n<h2>Sonda Nasog\u00e1strica<\/h2>\n\n\n\n<p style=\"font-size:14px\">Consiste na  passagem de uma sonda atrav\u00e9s  do nariz  at\u00e9 o est\u00f4mago. Pode ser usada para alimenta\u00e7\u00e3o e remo\u00e7\u00e3o de secre\u00e7\u00f5es, doses excessivas de    medicamentos ou venenos. Tamb\u00e9m \u00e9 utilizada para esvaziamento g\u00e1strico antes de cirurgias e para administra\u00e7\u00e3o de medica\u00e7\u00f5es.<\/p>\n<\/div>\n<\/div>\n","protected":false},"excerpt":{"rendered":"<p>O que \u00e9 um Centro de Atendimento Intensivo (CTI) O&nbsp; CTI \u00e9 o setor do hospital que recebe os pacientes que necessitam de cuidados intensivos e monitoriza\u00e7\u00e3o cont\u00ednua durante dia e noite devido \u00e0 instabilidade cl\u00ednica ou no p\u00f3s operat\u00f3rio de cirurgias complexas. Com o intuito de recuperar pacientes graves, ele emprega dispositivos complexos e &hellip; <\/p>\n<p class=\"link-more\"><a href=\"https:\/\/projetoaiti.medicina.ufmg.br\/index.php\/sobre-o-cti\/\" class=\"more-link\">Continue lendo<span class=\"screen-reader-text\"> &#8220;Sobre o CTI&#8221;<\/span><\/a><\/p>\n","protected":false},"author":2,"featured_media":0,"parent":0,"menu_order":0,"comment_status":"closed","ping_status":"closed","template":"","meta":[],"_links":{"self":[{"href":"https:\/\/projetoaiti.medicina.ufmg.br\/index.php\/wp-json\/wp\/v2\/pages\/87"}],"collection":[{"href":"https:\/\/projetoaiti.medicina.ufmg.br\/index.php\/wp-json\/wp\/v2\/pages"}],"about":[{"href":"https:\/\/projetoaiti.medicina.ufmg.br\/index.php\/wp-json\/wp\/v2\/types\/page"}],"author":[{"embeddable":true,"href":"https:\/\/projetoaiti.medicina.ufmg.br\/index.php\/wp-json\/wp\/v2\/users\/2"}],"replies":[{"embeddable":true,"href":"https:\/\/projetoaiti.medicina.ufmg.br\/index.php\/wp-json\/wp\/v2\/comments?post=87"}],"version-history":[{"count":32,"href":"https:\/\/projetoaiti.medicina.ufmg.br\/index.php\/wp-json\/wp\/v2\/pages\/87\/revisions"}],"predecessor-version":[{"id":727,"href":"https:\/\/projetoaiti.medicina.ufmg.br\/index.php\/wp-json\/wp\/v2\/pages\/87\/revisions\/727"}],"wp:attachment":[{"href":"https:\/\/projetoaiti.medicina.ufmg.br\/index.php\/wp-json\/wp\/v2\/media?parent=87"}],"curies":[{"name":"wp","href":"https:\/\/api.w.org\/{rel}","templated":true}]}}