{"id":836,"date":"2020-10-24T20:00:00","date_gmt":"2020-10-24T23:00:00","guid":{"rendered":"https:\/\/projetoaiti.medicina.ufmg.br\/?page_id=836"},"modified":"2020-10-24T20:49:58","modified_gmt":"2020-10-24T23:49:58","slug":"podcast","status":"publish","type":"page","link":"https:\/\/projetoaiti.medicina.ufmg.br\/index.php\/podcast\/","title":{"rendered":"Podcast"},"content":{"rendered":"\n<p>   No inicio da pandemia, o projeto AITI se viu diante de um novo desafio, levar informa\u00e7\u00f5es de qualidade, com seriedade e seguras para as pessoas. E assim surgiu a parceria com o projeto <a rel=\"noreferrer noopener\" href=\"https:\/\/www.medicina.ufmg.br\/avascast\/\" data-type=\"URL\" data-id=\"https:\/\/www.medicina.ufmg.br\/avascast\/\" target=\"_blank\">AVAS21<\/a>, que \u00e9 um programa de inser\u00e7\u00e3o da tecnologia no ensino na \u00e1rea da sa\u00fade, coordenado pela professora Ros\u00e1lia Morais Torres . Com a ideia de criar podcasts  com temas variados relacionados a terapia intensiva e tamb\u00e9m sobre o Covid-19. <\/p>\n\n\n\n<figure class=\"wp-block-image size-large is-resized\"><img loading=\"lazy\" src=\"https:\/\/projetoaiti.medicina.ufmg.br\/wp-content\/uploads\/2020\/10\/podcast-social-media-concept_23-2148642673.jpg\" alt=\"\" class=\"wp-image-892\" width=\"313\" height=\"208\" srcset=\"https:\/\/projetoaiti.medicina.ufmg.br\/wp-content\/uploads\/2020\/10\/podcast-social-media-concept_23-2148642673.jpg 626w, https:\/\/projetoaiti.medicina.ufmg.br\/wp-content\/uploads\/2020\/10\/podcast-social-media-concept_23-2148642673-300x200.jpg 300w\" sizes=\"(max-width: 313px) 100vw, 313px\" \/><\/figure>\n\n\n\n<p class=\"has-black-color has-text-color\"><strong>Para escutar nossos podcasts clique nos links a seguir de acordo com os t\u00edtulos<\/strong><\/p>\n\n\n\n<p class=\"has-vivid-purple-color has-text-color\">C<a rel=\"noreferrer noopener\" href=\"https:\/\/projetoaiti.medicina.ufmg.br\/index.php\/podcast\/podcast-covid-19-cuidado-com-a-saude-mental-dos-profissionais-da-saude\/\" data-type=\"URL\" data-id=\"https:\/\/projetoaiti.medicina.ufmg.br\/index.php\/podcast\/podcast-covid-19-cuidado-com-a-saude-mental-dos-profissionais-da-saude\/\" target=\"_blank\">OVID-19 cuidado com  a sa\u00fade mental dos profissionais da sa\u00fad<\/a>e<\/p>\n\n\n\n<p>&nbsp;Neste epis\u00f3dio, discutiu-se como esse novo contexto pode influenciar a sa\u00fade mental desses profissionais, tanto dentro quanto fora do ambiente de trabalho, al\u00e9m de algumas formas para garantir a manuten\u00e7\u00e3o de um bem estar psicossocial.&nbsp;<\/p>\n\n\n\n<p class=\"has-vivid-green-cyan-color has-text-color\"><a rel=\"noreferrer noopener\" href=\"https:\/\/projetoaiti.medicina.ufmg.br\/index.php\/podcast\/podcast-covid-19-o-que-voce-precisa-saber\/\" data-type=\"URL\" data-id=\"https:\/\/projetoaiti.medicina.ufmg.br\/index.php\/podcast\/podcast-covid-19-o-que-voce-precisa-saber\/\" target=\"_blank\">COVID-19 o que voc\u00ea precisa saber?<\/a><\/p>\n\n\n\n<p>Quer saber quais s\u00e3o as d\u00favidas mais frequentes sobre a COVID-19? O&nbsp;Avascast&nbsp;entrevistou a Dra. Carolina Marinho, m\u00e9dica intensivista e professora do Departamento de Cl\u00ednica M\u00e9dica da Faculdade de Medicina da UFMG, para abordar o assunto.<\/p>\n\n\n\n<p class=\"has-pale-pink-color has-text-color\"><a rel=\"noreferrer noopener\" href=\"https:\/\/projetoaiti.medicina.ufmg.br\/index.php\/podcast-reabilitacao-apos-ventilacao-mecanica-prolongada\/\" data-type=\"URL\" data-id=\"https:\/\/projetoaiti.medicina.ufmg.br\/index.php\/podcast-reabilitacao-apos-ventilacao-mecanica-prolongada\/\" target=\"_blank\">Reabilita\u00e7\u00e3o ap\u00f3s ventila\u00e7\u00e3o mec\u00e2nica prolongada<\/a><\/p>\n\n\n\n<p>Nesse epis\u00f3dio, contamos o que \u00e9 a ventila\u00e7\u00e3o mec\u00e2nica prolongada, os motivos e meios para usar esse recurso, as poss\u00edveis consequ\u00eancias para o paciente hospitalizado e a atua\u00e7\u00e3o do fisioterapeuta frente a essas complica\u00e7\u00f5es<\/p>\n\n\n\n<p class=\"has-vivid-cyan-blue-color has-text-color\"><a rel=\"noreferrer noopener\" href=\"https:\/\/projetoaiti.medicina.ufmg.br\/index.php\/podcast\/podcast-pos-sepse\/\" data-type=\"URL\" data-id=\"https:\/\/projetoaiti.medicina.ufmg.br\/index.php\/podcast\/podcast-pos-sepse\/\" target=\"_blank\">P\u00f3s-sepse &#8211; Particularidades e aten\u00e7\u00e3o ao paciente<\/a> <\/p>\n\n\n\n<p>\u00a0Aqui, falamos entre outros t\u00f3picos, sobre a necessidade de aten\u00e7\u00e3o especial ao paciente que apresentou sepse, a import\u00e2ncia de atua\u00e7\u00e3o da equipe multiprofissional e de sinais de alerta que est\u00e3o associados ao desenvolvimento de complica\u00e7\u00f5es.<\/p>\n","protected":false},"excerpt":{"rendered":"<p>No inicio da pandemia, o projeto AITI se viu diante de um novo desafio, levar informa\u00e7\u00f5es de qualidade, com seriedade e seguras para as pessoas. E assim surgiu a parceria com o projeto AVAS21, que \u00e9 um programa de inser\u00e7\u00e3o da tecnologia no ensino na \u00e1rea da sa\u00fade, coordenado pela professora Ros\u00e1lia Morais Torres . &hellip; <\/p>\n<p class=\"link-more\"><a href=\"https:\/\/projetoaiti.medicina.ufmg.br\/index.php\/podcast\/\" class=\"more-link\">Continue lendo<span class=\"screen-reader-text\"> &#8220;Podcast&#8221;<\/span><\/a><\/p>\n","protected":false},"author":4,"featured_media":0,"parent":0,"menu_order":0,"comment_status":"closed","ping_status":"closed","template":"","meta":[],"_links":{"self":[{"href":"https:\/\/projetoaiti.medicina.ufmg.br\/index.php\/wp-json\/wp\/v2\/pages\/836"}],"collection":[{"href":"https:\/\/projetoaiti.medicina.ufmg.br\/index.php\/wp-json\/wp\/v2\/pages"}],"about":[{"href":"https:\/\/projetoaiti.medicina.ufmg.br\/index.php\/wp-json\/wp\/v2\/types\/page"}],"author":[{"embeddable":true,"href":"https:\/\/projetoaiti.medicina.ufmg.br\/index.php\/wp-json\/wp\/v2\/users\/4"}],"replies":[{"embeddable":true,"href":"https:\/\/projetoaiti.medicina.ufmg.br\/index.php\/wp-json\/wp\/v2\/comments?post=836"}],"version-history":[{"count":3,"href":"https:\/\/projetoaiti.medicina.ufmg.br\/index.php\/wp-json\/wp\/v2\/pages\/836\/revisions"}],"predecessor-version":[{"id":922,"href":"https:\/\/projetoaiti.medicina.ufmg.br\/index.php\/wp-json\/wp\/v2\/pages\/836\/revisions\/922"}],"wp:attachment":[{"href":"https:\/\/projetoaiti.medicina.ufmg.br\/index.php\/wp-json\/wp\/v2\/media?parent=836"}],"curies":[{"name":"wp","href":"https:\/\/api.w.org\/{rel}","templated":true}]}}