{"id":69,"date":"2019-05-14T13:29:34","date_gmt":"2019-05-14T13:29:34","guid":{"rendered":"https:\/\/site.projetoaiti.medicina.ufmg.br\/?page_id=69"},"modified":"2020-04-07T17:54:13","modified_gmt":"2020-04-07T20:54:13","slug":"spti","status":"publish","type":"page","link":"https:\/\/projetoaiti.medicina.ufmg.br\/index.php\/spti\/","title":{"rendered":"S\u00edndrome p\u00f3s Terapia Intensiva"},"content":{"rendered":"\n<h5 style=\"text-align:center\">Saiba mais<\/h5>\n\n\n\n<h2 style=\"text-align:center\">  Afinal, o que \u00e9 <br>S\u00edndrome p\u00f3s Terapia Intensiva? <\/h2>\n\n\n\n<p>A S\u00edndrome P\u00f3s Terapia Intensiva (SPTI) \u00e9 um conjunto de incapacidades funcionais, cognitivas e psicossociais adquiridas ou agravadas ap\u00f3s uma doen\u00e7a cr\u00edtica e perman\u00eancia na terapia intensiva. Est\u00e3o presentes quando o paciente est\u00e1 no Centro de Terapia Intensiva (CTI) e podem persistir depois que o paciente retorna para a casa.<br><br>Ou seja, ap\u00f3s um per\u00edodo de interna\u00e7\u00e3o em uma Unidade de Terapia Intensiva o paciente pode desenvolver diversas dificuldades de vida di\u00e1ria, diminuindo sua funcionalidade e aumentando suas chances de retornar ao hospital. Esses problemas podem envolver corpo, pensamentos ou sentimentos do paciente e s\u00e3o capazes at\u00e9 mesmo de afetar a fam\u00edlia.<br><br>Para conhecer um pouco mais, assista o nosso v\u00eddeo logo abaixo.<\/p>\n\n\n\n<figure class=\"wp-block-embed-youtube aligncenter wp-block-embed is-type-video is-provider-youtube wp-embed-aspect-16-9 wp-has-aspect-ratio\"><div class=\"wp-block-embed__wrapper\">\n<iframe title=\"AITI - UFMG - S\u00edndrome p\u00f3s Terapia Intensiva\" width=\"525\" height=\"295\" src=\"https:\/\/www.youtube.com\/embed\/Fca0_IPfYm8?feature=oembed\" frameborder=\"0\" allow=\"accelerometer; autoplay; encrypted-media; gyroscope; picture-in-picture\" allowfullscreen><\/iframe>\n<\/div><\/figure>\n\n\n\n<h2>O que a fam\u00edlia pode fazer para diminuir a SPTI?<\/h2>\n\n\n\n<p>O oferecimento de suporte para o paciente que apresenta doen\u00e7a cr\u00edtica ou \u00e9 sobrevivente desta condi\u00e7\u00e3o \u00e9 fundamental para prevenir a ocorr\u00eancia de SPTI. Nesse sentido, a fam\u00edlia pode auxiliar na recupera\u00e7\u00e3o do indiv\u00edduo de diversas maneiras, por exemplo:<\/p>\n\n\n\n<ul><li> Visitar o familiar no hospital;<\/li><li>Conversar e lembrar o paciente de fatos recentes;<\/li><li>Conversar sobre os dias da semana e m\u00eas;<\/li><li>Mostrar fotos da fam\u00edlia para ele se lembrar de seus parentes;<\/li><li>Escutar atentamente o que o familiar tem a dizer;<\/li><li>Comunicar a equipe multiprofissional sobre altera\u00e7\u00f5es notadas;<\/li><li>Auxiliar na motiva\u00e7\u00e3o do paciente, promovendo suporte.<\/li><\/ul>\n\n\n\n<p>As pessoas egressas da terapia intensiva precisam de apoio para retomar suas atividades di\u00e1rias. Para isso, \u00e9 importante que a fam\u00edlia busque se informar sobre as particularidades do cuidado e transmita a ele as recomenda\u00e7\u00f5es aprendidas com a equipe multiprofissional. Por meio do di\u00e1logo, \u00e9 poss\u00edvel ajudar o paciente a:<\/p>\n\n\n\n<ul><li> Aumentar a capacidade de gerenciamento do auto cuidado;<\/li><li>Garantir nutri\u00e7\u00e3o adequada;<\/li><li>Diminuir a chance de ocorr\u00eancia de  sentimentos negativos;<\/li><li>Compreender e lidar melhor com novas condi\u00e7\u00f5es de funcionalidade e qualidade de vida.<\/li><\/ul>\n\n\n\n<p style=\"text-align:left\">A partir da ampla rede de suporte e cuidado integral, pode-se aumentar a chance de melhores resultados para todos os envolvidos no enfrentamento da doen\u00e7a cr\u00edtica e de suas implica\u00e7\u00f5es.<\/p>\n\n\n\n<p style=\"text-align:center\"><img loading=\"lazy\" width=\"626\" height=\"417\" class=\"wp-image-494\" style=\"width: 350px;\" src=\"https:\/\/site.projetoaiti.medicina.ufmg.br\/wp-content\/uploads\/2019\/10\/jovem-mulher-que-guarda-a-mao-de-uma-mulher-idosa_1150-12496.jpg\" alt=\"\" srcset=\"https:\/\/projetoaiti.medicina.ufmg.br\/wp-content\/uploads\/2019\/10\/jovem-mulher-que-guarda-a-mao-de-uma-mulher-idosa_1150-12496.jpg 626w, https:\/\/projetoaiti.medicina.ufmg.br\/wp-content\/uploads\/2019\/10\/jovem-mulher-que-guarda-a-mao-de-uma-mulher-idosa_1150-12496-300x200.jpg 300w\" sizes=\"(max-width: 626px) 100vw, 626px\" \/><br><br>E a\u00ed? Ficou com alguma d\u00favida? <strong><a href=\"https:\/\/projetoaiti.medicina.ufmg.br\/index.php\/entre-em-contato\/\" target=\"_blank\" rel=\"noreferrer noopener\" aria-label=\" (abre numa nova aba)\">Mande para n\u00f3s!<\/a><\/strong><\/p>\n\n\n\n<p style=\"text-align:center\" class=\"has-text-color has-background has-very-dark-gray-color has-pale-cyan-blue-background-color\">N\u00e3o deixe de acessar a <strong><a href=\"https:\/\/projetoaiti.medicina.ufmg.br\/index.php\/acompanhantes\/\" target=\"_blank\" rel=\"noreferrer noopener\" aria-label=\" (abre numa nova aba)\">\u00c1rea dos acompanhantes e pacientes<\/a><\/strong> para poder aprender um pouco mais sobre a SPTI e maneiras de evit\u00e1-la.<\/p>\n\n\n\n<p style=\"font-size:12px;text-align:center\"><br><br>Conte\u00fado revisado por Gabriela de Oliveira<\/p>\n","protected":false},"excerpt":{"rendered":"<p>Saiba mais Afinal, o que \u00e9 S\u00edndrome p\u00f3s Terapia Intensiva? A S\u00edndrome P\u00f3s Terapia Intensiva (SPTI) \u00e9 um conjunto de incapacidades funcionais, cognitivas e psicossociais adquiridas ou agravadas ap\u00f3s uma doen\u00e7a cr\u00edtica e perman\u00eancia na terapia intensiva. Est\u00e3o presentes quando o paciente est\u00e1 no Centro de Terapia Intensiva (CTI) e podem persistir depois que o &hellip; <\/p>\n<p class=\"link-more\"><a href=\"https:\/\/projetoaiti.medicina.ufmg.br\/index.php\/spti\/\" class=\"more-link\">Continue lendo<span class=\"screen-reader-text\"> &#8220;S\u00edndrome p\u00f3s Terapia Intensiva&#8221;<\/span><\/a><\/p>\n","protected":false},"author":2,"featured_media":0,"parent":0,"menu_order":0,"comment_status":"closed","ping_status":"closed","template":"","meta":[],"_links":{"self":[{"href":"https:\/\/projetoaiti.medicina.ufmg.br\/index.php\/wp-json\/wp\/v2\/pages\/69"}],"collection":[{"href":"https:\/\/projetoaiti.medicina.ufmg.br\/index.php\/wp-json\/wp\/v2\/pages"}],"about":[{"href":"https:\/\/projetoaiti.medicina.ufmg.br\/index.php\/wp-json\/wp\/v2\/types\/page"}],"author":[{"embeddable":true,"href":"https:\/\/projetoaiti.medicina.ufmg.br\/index.php\/wp-json\/wp\/v2\/users\/2"}],"replies":[{"embeddable":true,"href":"https:\/\/projetoaiti.medicina.ufmg.br\/index.php\/wp-json\/wp\/v2\/comments?post=69"}],"version-history":[{"count":20,"href":"https:\/\/projetoaiti.medicina.ufmg.br\/index.php\/wp-json\/wp\/v2\/pages\/69\/revisions"}],"predecessor-version":[{"id":733,"href":"https:\/\/projetoaiti.medicina.ufmg.br\/index.php\/wp-json\/wp\/v2\/pages\/69\/revisions\/733"}],"wp:attachment":[{"href":"https:\/\/projetoaiti.medicina.ufmg.br\/index.php\/wp-json\/wp\/v2\/media?parent=69"}],"curies":[{"name":"wp","href":"https:\/\/api.w.org\/{rel}","templated":true}]}}