{"id":684,"date":"2020-04-07T17:25:47","date_gmt":"2020-04-07T20:25:47","guid":{"rendered":"https:\/\/projetoaiti.medicina.ufmg.br\/?page_id=684"},"modified":"2020-04-07T19:29:07","modified_gmt":"2020-04-07T22:29:07","slug":"area-para-o-profissional-da-saude","status":"publish","type":"page","link":"https:\/\/projetoaiti.medicina.ufmg.br\/index.php\/area-para-o-profissional-da-saude\/","title":{"rendered":"\u00c1rea para o profissional da sa\u00fade"},"content":{"rendered":"\n<h2 style=\"text-align:center\">O profissional da sa\u00fade contra o novo coronav\u00edrus<\/h2>\n\n\n\n<p>Em virtude ao cen\u00e1rio de sa\u00fade atual, o Projeto AITI tem produzido mat\u00e9rias de f\u00e1cil acesso, entendimento e aplica\u00e7\u00e3o, para auxiliar  profissionais  e  estabelecimentos que prestam servi\u00e7o de sa\u00fade  no enfrentamento \u00e0 pandemia do coronav\u00edrus. <\/p>\n\n\n\n<p>O download desses materiais ser\u00e3o disponibilizados abaixo.<\/p>\n\n\n\n<hr class=\"wp-block-separator\"\/>\n\n\n\n<div class=\"wp-block-columns has-2-columns\">\n<div class=\"wp-block-column\">\n<div class=\"wp-block-file aligncenter\"><a href=\"https:\/\/projetoaiti.medicina.ufmg.br\/wp-content\/uploads\/2020\/04\/Intubac\u0327a\u0303o-Orotraqueal-IOT-de-pacientes-pedia\u0301tricos-com-diagno\u0301stico-ou-suspeita-de-COVID-19.pptx-1.pdf\" target=\"_blank\" rel=\"noreferrer noopener\">Intubac\u0327a\u0303o orotraqueal de pacientes com diagno\u0301stico ou suspeita-de COVID-19 (Pediatria)<\/a><\/div>\n\n\n\n<div class=\"wp-block-image\"><figure class=\"aligncenter is-resized\"><img loading=\"lazy\" src=\"https:\/\/projetoaiti.medicina.ufmg.br\/wp-content\/uploads\/2020\/04\/IOT-PED-PRONTO.png\" alt=\"\" class=\"wp-image-774\" width=\"423\" height=\"297\" srcset=\"https:\/\/projetoaiti.medicina.ufmg.br\/wp-content\/uploads\/2020\/04\/IOT-PED-PRONTO.png 846w, https:\/\/projetoaiti.medicina.ufmg.br\/wp-content\/uploads\/2020\/04\/IOT-PED-PRONTO-300x210.png 300w, https:\/\/projetoaiti.medicina.ufmg.br\/wp-content\/uploads\/2020\/04\/IOT-PED-PRONTO-768x538.png 768w\" sizes=\"(max-width: 423px) 100vw, 423px\" \/><\/figure><\/div>\n\n\n\n<div class=\"wp-block-file aligncenter\"><a href=\"https:\/\/projetoaiti.medicina.ufmg.br\/wp-content\/uploads\/2020\/04\/INTUBA\u00c7\u00c3O-ADULTO-COVID-modificado1.pdf\" target=\"_blank\" rel=\"noreferrer noopener\"> Intuba\u00e7\u00e3o orotraqueal de pacientes com diagn\u00f3stico ou suspeita-de COVID-19<br>(Adulto) <\/a><\/div>\n\n\n\n<div class=\"wp-block-image\"><figure class=\"aligncenter is-resized\"><img loading=\"lazy\" src=\"https:\/\/projetoaiti.medicina.ufmg.br\/wp-content\/uploads\/2020\/04\/IOT-ADULTO-PRONTO.png\" alt=\"\" class=\"wp-image-780\" width=\"422\" height=\"296\" srcset=\"https:\/\/projetoaiti.medicina.ufmg.br\/wp-content\/uploads\/2020\/04\/IOT-ADULTO-PRONTO.png 843w, https:\/\/projetoaiti.medicina.ufmg.br\/wp-content\/uploads\/2020\/04\/IOT-ADULTO-PRONTO-300x210.png 300w, https:\/\/projetoaiti.medicina.ufmg.br\/wp-content\/uploads\/2020\/04\/IOT-ADULTO-PRONTO-768x538.png 768w\" sizes=\"(max-width: 422px) 100vw, 422px\" \/><\/figure><\/div>\n<\/div>\n\n\n\n<div class=\"wp-block-column\">\n<div class=\"wp-block-file aligncenter\"><a href=\"https:\/\/projetoaiti.medicina.ufmg.br\/wp-content\/uploads\/2020\/04\/cartilha-RN-AITI.pdf.pdf\" target=\"_blank\" rel=\"noreferrer noopener\">Assist\u00eancia ao Rec\u00e9m-nascido na<br> sala de parto de m\u00e3es com COVID-19<br><br><\/a><\/div>\n\n\n\n<div class=\"wp-block-image\"><figure class=\"aligncenter is-resized\"><img loading=\"lazy\" src=\"https:\/\/projetoaiti.medicina.ufmg.br\/wp-content\/uploads\/2020\/04\/RN-PRONTO.png\" alt=\"\" class=\"wp-image-775\" width=\"422\" height=\"295\" srcset=\"https:\/\/projetoaiti.medicina.ufmg.br\/wp-content\/uploads\/2020\/04\/RN-PRONTO.png 843w, https:\/\/projetoaiti.medicina.ufmg.br\/wp-content\/uploads\/2020\/04\/RN-PRONTO-300x210.png 300w, https:\/\/projetoaiti.medicina.ufmg.br\/wp-content\/uploads\/2020\/04\/RN-PRONTO-768x537.png 768w\" sizes=\"(max-width: 422px) 100vw, 422px\" \/><\/figure><\/div>\n\n\n\n<div class=\"wp-block-file aligncenter\"><a href=\"https:\/\/projetoaiti.medicina.ufmg.br\/wp-content\/uploads\/2020\/04\/COVID-PCR.pdf\" target=\"_blank\" rel=\"noreferrer noopener\">Ressuscita\u00e7\u00e3o Cardiopulmonar (RCP) em<br> pacientes com diagn\u00f3stico ou suspeita de COVID-19<\/a><\/div>\n\n\n\n<div class=\"wp-block-image\"><figure class=\"aligncenter is-resized\"><img loading=\"lazy\" src=\"https:\/\/projetoaiti.medicina.ufmg.br\/wp-content\/uploads\/2020\/04\/PCR-covid-1-1024x717.png\" alt=\"\" class=\"wp-image-781\" width=\"512\" height=\"359\" srcset=\"https:\/\/projetoaiti.medicina.ufmg.br\/wp-content\/uploads\/2020\/04\/PCR-covid-1-1024x717.png 1024w, https:\/\/projetoaiti.medicina.ufmg.br\/wp-content\/uploads\/2020\/04\/PCR-covid-1-300x210.png 300w, https:\/\/projetoaiti.medicina.ufmg.br\/wp-content\/uploads\/2020\/04\/PCR-covid-1-768x538.png 768w, https:\/\/projetoaiti.medicina.ufmg.br\/wp-content\/uploads\/2020\/04\/PCR-covid-1.png 1305w\" sizes=\"(max-width: 512px) 100vw, 512px\" \/><\/figure><\/div>\n<\/div>\n<\/div>\n","protected":false},"excerpt":{"rendered":"<p>O profissional da sa\u00fade contra o novo coronav\u00edrus Em virtude ao cen\u00e1rio de sa\u00fade atual, o Projeto AITI tem produzido mat\u00e9rias de f\u00e1cil acesso, entendimento e aplica\u00e7\u00e3o, para auxiliar profissionais e estabelecimentos que prestam servi\u00e7o de sa\u00fade no enfrentamento \u00e0 pandemia do coronav\u00edrus. O download desses materiais ser\u00e3o disponibilizados abaixo.<\/p>\n","protected":false},"author":2,"featured_media":0,"parent":0,"menu_order":0,"comment_status":"closed","ping_status":"closed","template":"","meta":[],"_links":{"self":[{"href":"https:\/\/projetoaiti.medicina.ufmg.br\/index.php\/wp-json\/wp\/v2\/pages\/684"}],"collection":[{"href":"https:\/\/projetoaiti.medicina.ufmg.br\/index.php\/wp-json\/wp\/v2\/pages"}],"about":[{"href":"https:\/\/projetoaiti.medicina.ufmg.br\/index.php\/wp-json\/wp\/v2\/types\/page"}],"author":[{"embeddable":true,"href":"https:\/\/projetoaiti.medicina.ufmg.br\/index.php\/wp-json\/wp\/v2\/users\/2"}],"replies":[{"embeddable":true,"href":"https:\/\/projetoaiti.medicina.ufmg.br\/index.php\/wp-json\/wp\/v2\/comments?post=684"}],"version-history":[{"count":31,"href":"https:\/\/projetoaiti.medicina.ufmg.br\/index.php\/wp-json\/wp\/v2\/pages\/684\/revisions"}],"predecessor-version":[{"id":791,"href":"https:\/\/projetoaiti.medicina.ufmg.br\/index.php\/wp-json\/wp\/v2\/pages\/684\/revisions\/791"}],"wp:attachment":[{"href":"https:\/\/projetoaiti.medicina.ufmg.br\/index.php\/wp-json\/wp\/v2\/media?parent=684"}],"curies":[{"name":"wp","href":"https:\/\/api.w.org\/{rel}","templated":true}]}}