{"id":62,"date":"2019-05-14T13:25:20","date_gmt":"2019-05-14T16:25:20","guid":{"rendered":"https:\/\/site.projetoaiti.medicina.ufmg.br\/?page_id=62"},"modified":"2020-04-07T17:52:27","modified_gmt":"2020-04-07T20:52:27","slug":"inicio","status":"publish","type":"page","link":"https:\/\/projetoaiti.medicina.ufmg.br\/","title":{"rendered":"Inicio"},"content":{"rendered":"<h5 style=\"text-align: center;\">Quem somos<\/h5>\n<h1 style=\"text-align: center;\">Aten\u00e7\u00e3o Integral ap\u00f3s a Terapia Intensiva (AITI)<\/h1>\n<!-- \/wp:html -->\n\n<!-- wp:paragraph -->\n<p style=\"text-align: justify;\">O projeto Aten\u00e7\u00e3o Integral ap\u00f3s a Terapia Intensiva pretende contribuir para disseminar conhecimento sobre os impactos da doen\u00e7a cr\u00edtica. As a\u00e7\u00f5es dele visam auxiliar pacientes egressos da terapia intensiva e seus cuidadores a compreender e lidar com novas condi\u00e7\u00f5es de funcionalidade e qualidade de vida decorrentes da doen\u00e7a cr\u00edtica de forma a otimizar as oportunidades de recupera\u00e7\u00e3o reabilita\u00e7\u00e3o Os objetivos do projeto s\u00e3o identificar precocemente pacientes de risco para desenvolver a <a href=\"https:\/\/projetoaiti.medicina.ufmg.br\/index.php\/spti\/\"><strong>S\u00edndrome p\u00f3s terapia intensiva<\/strong><\/a>, educar pacientes e cuidadores a respeito das novas necessidades de cuidado geradas na terapia intensiva e catalisar o manejo daqueles que j\u00e1 manifestam incapacidades funcionais, cognitivas ou psicossociais relacionadas \u00e0 doen\u00e7a cr\u00edtica.<\/p>\n<!-- \/wp:paragraph -->\n\n<!-- wp:paragraph -->\n<p style=\"text-align: justify;\">Espera-se assim contribuir para a obten\u00e7\u00e3o de melhores resultados na recupera\u00e7\u00e3o e reabilita\u00e7\u00e3o dos pacientes, redu\u00e7\u00e3o dos impactos da doen\u00e7a cr\u00edtica na qualidade de vida de pacientes e cuidadores, e redu\u00e7\u00e3o do risco de reinterna\u00e7\u00f5es e recorr\u00eancia de sepse. A\u00e7\u00f5es educativas ser\u00e3o implementadas junto aos pacientes, cuidadores e profissionais de sa\u00fade desde o per\u00edodo de interna\u00e7\u00e3o na terapia intensiva do HC\/UFMG e enfermarias, e ter\u00e3o continuidade em visitas ambulatoriais sequenciais em caso de demandas espec\u00edficas. O projeto se justifica por seu potencial de dialogar com a comunidade, pacientes e cuidadores para informar, ouvir e esclarecer sobre aspectos relacionados \u00e0 aten\u00e7\u00e3o \u00e0 sa\u00fade humana, sobreviv\u00eancia da doen\u00e7a cr\u00edtica e cuidados continuados capazes de impactar na qualidade de vida das pessoas envolvidas.<\/p>\n<p style=\"text-align: justify;\"><!-- \/wp:paragraph --><\/p>\n<p style=\"text-align: justify;\"><!-- wp:paragraph --><\/p>\n<p style=\"text-align: justify;\">O projeto valoriza a atua\u00e7\u00e3o multiprofissional na educa\u00e7\u00e3o em sa\u00fade e na aten\u00e7\u00e3o \u00e0 sa\u00fade das pessoas. Tem interface com o ensino de gradua\u00e7\u00e3o como cen\u00e1rio de aprendizado para os diversos cursos da \u00e1rea de sa\u00fade, e do ensino de p\u00f3s-gradua\u00e7\u00e3o e pesquisa como local de refer\u00eancia para educa\u00e7\u00e3o e informa\u00e7\u00e3o e para seguimento dos sujeitos de projetos conduzidos nas unidades de terapia intensiva do HC\/UFMG.<\/p>\n<p style=\"text-align: justify;\"><!-- \/wp:paragraph --><\/p>\n<p style=\"text-align: justify;\"><!-- wp:paragraph --><\/p>\n<p style=\"text-align: justify;\">A equipe multiprofissional e dos estudantes de gradua\u00e7\u00e3o envolvem as seguintes profiss\u00f5es:<\/p>\n<p style=\"text-align: justify;\"><!-- \/wp:paragraph --><\/p>\n<p style=\"text-align: justify;\"><!-- wp:paragraph --><\/p>\n<p style=\"text-align: justify;\">Enfermagem,\u00a0Farm\u00e1cia, Fisioterapia, Fonoaudiologia, Nutri\u00e7\u00e3o e Medicina<\/p>\n<!-- \/wp:paragraph -->\n\n<!-- wp:separator -->\n\n<hr class=\"wp-block-separator\" \/>\n\n<!-- \/wp:separator -->\n\n<!-- wp:columns -->\n<div class=\"wp-block-columns has-2-columns\"><!-- wp:column -->\n<div class=\"wp-block-column\"><!-- wp:media-text {\"customBackgroundColor\":\"#ffffff\",\"mediaId\":145,\"mediaType\":\"image\",\"mediaWidth\":14} -->\n<div class=\"wp-block-media-text alignwide\" style=\"background-color: #ffffff; grid-template-columns: 14% auto;\">\n<figure class=\"wp-block-media-text__media\"><img loading=\"lazy\" width=\"170\" height=\"426\" class=\"wp-image-145\" src=\"https:\/\/site.projetoaiti.medicina.ufmg.br\/wp-content\/uploads\/2019\/05\/Corte-medica-padronizado-1.jpg\" alt=\"\" srcset=\"https:\/\/projetoaiti.medicina.ufmg.br\/wp-content\/uploads\/2019\/05\/Corte-medica-padronizado-1.jpg 170w, https:\/\/projetoaiti.medicina.ufmg.br\/wp-content\/uploads\/2019\/05\/Corte-medica-padronizado-1-120x300.jpg 120w\" sizes=\"(max-width: 170px) 100vw, 170px\" \/><\/figure>\n<div class=\"wp-block-media-text__content\"><!-- wp:heading {\"level\":5} -->\n<h5>Clinica Medica<\/h5>\n<!-- \/wp:heading -->\n\n<!-- wp:paragraph {\"fontSize\":\"small\"} -->\n<p class=\"has-small-font-size\" style=\"text-align: justify;\">Triagem no CTI e enfermaria, acolhimento de visitantes, busca ativa e orienta\u00e7\u00f5es na enfermaria, avalia\u00e7\u00e3o cl\u00ednica ambulatorial dos problemas advindos da terapia intensiva.<\/p>\n<!-- \/wp:paragraph -->\n\n<\/div>\n<\/div>\n<!-- \/wp:media-text -->\n\n<!-- wp:media-text {\"mediaId\":143,\"mediaType\":\"image\",\"mediaWidth\":13} -->\n<div class=\"wp-block-media-text alignwide\" style=\"grid-template-columns: 13% auto;\">\n<figure class=\"wp-block-media-text__media\"><img loading=\"lazy\" width=\"170\" height=\"426\" class=\"wp-image-143\" src=\"https:\/\/site.projetoaiti.medicina.ufmg.br\/wp-content\/uploads\/2019\/05\/Farmacia-mais-escuro-1.jpg\" alt=\"\" srcset=\"https:\/\/projetoaiti.medicina.ufmg.br\/wp-content\/uploads\/2019\/05\/Farmacia-mais-escuro-1.jpg 170w, https:\/\/projetoaiti.medicina.ufmg.br\/wp-content\/uploads\/2019\/05\/Farmacia-mais-escuro-1-120x300.jpg 120w\" sizes=\"(max-width: 170px) 100vw, 170px\" \/><\/figure>\n<div class=\"wp-block-media-text__content\"><!-- wp:heading {\"level\":5} -->\n<h5>Farm\u00e1cia<\/h5>\n<!-- \/wp:heading -->\n\n<!-- wp:paragraph {\"fontSize\":\"small\"} -->\n<p class=\"has-small-font-size\" style=\"text-align: justify;\">Orienta\u00e7\u00f5es sobre reconcilia\u00e7\u00e3o medicamentosa, ades\u00e3o e manejo de polifarm\u00e1cia<\/p>\n<!-- \/wp:paragraph -->\n\n<\/div>\n<\/div>\n<!-- \/wp:media-text -->\n\n<!-- wp:media-text {\"mediaId\":146,\"mediaType\":\"image\",\"mediaWidth\":10} -->\n<div class=\"wp-block-media-text alignwide\" style=\"grid-template-columns: 10% auto;\">\n<figure class=\"wp-block-media-text__media\"><img loading=\"lazy\" width=\"122\" height=\"387\" class=\"wp-image-146\" src=\"https:\/\/site.projetoaiti.medicina.ufmg.br\/wp-content\/uploads\/2019\/05\/Fono-cortado-1.jpg\" alt=\"\" srcset=\"https:\/\/projetoaiti.medicina.ufmg.br\/wp-content\/uploads\/2019\/05\/Fono-cortado-1.jpg 122w, https:\/\/projetoaiti.medicina.ufmg.br\/wp-content\/uploads\/2019\/05\/Fono-cortado-1-95x300.jpg 95w\" sizes=\"(max-width: 122px) 100vw, 122px\" \/><\/figure>\n<div class=\"wp-block-media-text__content\"><!-- wp:heading {\"level\":5} -->\n<h5>Fonoaudiologia e Nutri\u00e7\u00e3o<\/h5>\n<!-- \/wp:heading -->\n\n<!-- wp:paragraph {\"fontSize\":\"small\"} -->\n<p class=\"has-small-font-size\" style=\"text-align: justify;\">Avalia\u00e7\u00e3o da degluti\u00e7\u00e3o, estado nutricional e orienta\u00e7\u00f5es para autoreabilita\u00e7\u00e3o<\/p>\n<!-- \/wp:paragraph -->\n\n<\/div>\n<\/div>\n<!-- \/wp:media-text -->\n\n<\/div>\n<!-- \/wp:column -->\n\n<!-- wp:column -->\n<div class=\"wp-block-column\"><!-- wp:media-text {\"customBackgroundColor\":\"#ffffff\",\"mediaId\":144,\"mediaType\":\"image\",\"mediaWidth\":14} -->\n<div class=\"wp-block-media-text alignwide\" style=\"background-color: #ffffff; grid-template-columns: 14% auto;\">\n<figure class=\"wp-block-media-text__media\"><img loading=\"lazy\" width=\"170\" height=\"426\" class=\"wp-image-144\" src=\"https:\/\/site.projetoaiti.medicina.ufmg.br\/wp-content\/uploads\/2019\/05\/corte-enfermeira-1.jpg\" alt=\"\" srcset=\"https:\/\/projetoaiti.medicina.ufmg.br\/wp-content\/uploads\/2019\/05\/corte-enfermeira-1.jpg 170w, https:\/\/projetoaiti.medicina.ufmg.br\/wp-content\/uploads\/2019\/05\/corte-enfermeira-1-120x300.jpg 120w\" sizes=\"(max-width: 170px) 100vw, 170px\" \/><\/figure>\n<div class=\"wp-block-media-text__content\"><!-- wp:heading {\"level\":5} -->\n<h5>Enfermagem<\/h5>\n<!-- \/wp:heading -->\n\n<!-- wp:paragraph {\"fontSize\":\"small\"} -->\n<p class=\"has-small-font-size\" style=\"text-align: justify;\">Acolhimento de visitantes do CTI. Busca ativa e orienta\u00e7\u00f5es espec\u00edficas sobre cuidados com feridas, ostomias, sondas e cateteres<\/p>\n<!-- \/wp:paragraph -->\n\n<\/div>\n<\/div>\n<!-- \/wp:media-text -->\n\n<!-- wp:media-text {\"mediaId\":147,\"mediaType\":\"image\",\"mediaWidth\":21} -->\n<div class=\"wp-block-media-text alignwide\" style=\"grid-template-columns: 21% auto;\">\n<figure class=\"wp-block-media-text__media\"><img loading=\"lazy\" width=\"527\" height=\"830\" class=\"wp-image-147\" src=\"https:\/\/site.projetoaiti.medicina.ufmg.br\/wp-content\/uploads\/2019\/05\/122929-OQGGQ9-228-1.jpg\" alt=\"\" srcset=\"https:\/\/projetoaiti.medicina.ufmg.br\/wp-content\/uploads\/2019\/05\/122929-OQGGQ9-228-1.jpg 527w, https:\/\/projetoaiti.medicina.ufmg.br\/wp-content\/uploads\/2019\/05\/122929-OQGGQ9-228-1-190x300.jpg 190w\" sizes=\"(max-width: 527px) 100vw, 527px\" \/><\/figure>\n<div class=\"wp-block-media-text__content\"><!-- wp:heading {\"level\":5} -->\n<h5>Fisioterapia<\/h5>\n<!-- \/wp:heading -->\n\n<!-- wp:paragraph {\"fontSize\":\"small\"} -->\n<p class=\"has-small-font-size\" style=\"text-align: justify;\">Avalia\u00e7\u00e3o f\u00edsica global, orienta\u00e7\u00f5es para reabilita\u00e7\u00e3o auto-aplicada e encaminhamento para reabilita\u00e7\u00e3o<\/p>\n<!-- \/wp:paragraph -->\n\n<\/div>\n<\/div>\n<!-- \/wp:media-text -->\n\n<!-- wp:media-text {\"mediaId\":131,\"mediaType\":\"image\",\"mediaWidth\":24} -->\n<div class=\"wp-block-media-text alignwide\" style=\"grid-template-columns: 24% auto;\">\n<figure class=\"wp-block-media-text__media\"><img loading=\"lazy\" width=\"174\" height=\"318\" class=\"wp-image-131\" src=\"https:\/\/site.projetoaiti.medicina.ufmg.br\/wp-content\/uploads\/2019\/05\/equipe-cortada-nova-maior-forma-final.jpg\" alt=\"\" srcset=\"https:\/\/projetoaiti.medicina.ufmg.br\/wp-content\/uploads\/2019\/05\/equipe-cortada-nova-maior-forma-final.jpg 174w, https:\/\/projetoaiti.medicina.ufmg.br\/wp-content\/uploads\/2019\/05\/equipe-cortada-nova-maior-forma-final-164x300.jpg 164w\" sizes=\"(max-width: 174px) 100vw, 174px\" \/><\/figure>\n<div class=\"wp-block-media-text__content\"><!-- wp:heading {\"level\":5} -->\n<h5>Toda a Equipe<\/h5>\n<!-- \/wp:heading -->\n\n<!-- wp:paragraph {\"fontSize\":\"small\"} -->\n<p class=\"has-small-font-size\" style=\"text-align: justify;\">Educa\u00e7\u00e3o em sa\u00fade, identifica\u00e7\u00e3o de pacientes de risco e incapacidades, proposta de plano terap\u00eautico e de reabilita\u00e7\u00e3o funcional<\/p>\n<!-- \/wp:paragraph -->\n\n<\/div>\n<\/div>\n<!-- \/wp:media-text -->\n\n<!-- wp:paragraph -->\n\n<!-- \/wp:paragraph -->\n\n<\/div>\n<!-- \/wp:column -->\n\n<\/div>\n<!-- \/wp:columns -->\n\n<!-- wp:separator -->\n\n<hr class=\"wp-block-separator\" \/>\n\n<!-- \/wp:separator -->\n\n<!-- wp:heading {\"level\":5,\"align\":\"center\"} -->\n<h5 style=\"text-align: center;\">Nossos objetivos ESPEC\u00cdFICOS<\/h5>\n<!-- \/wp:heading -->\n\n<!-- wp:columns -->\n<div class=\"wp-block-columns has-2-columns\"><!-- wp:column -->\n<div class=\"wp-block-column\"><!-- wp:columns -->\n<div class=\"wp-block-columns has-2-columns\"><!-- wp:column -->\n<div class=\"wp-block-column\"><!-- wp:image {\"id\":118} -->\n<figure class=\"wp-block-image\"><img loading=\"lazy\" width=\"150\" height=\"150\" class=\"wp-image-118\" src=\"https:\/\/site.projetoaiti.medicina.ufmg.br\/wp-content\/uploads\/2019\/05\/OGFB4B0-2.jpg\" alt=\"\" srcset=\"https:\/\/projetoaiti.medicina.ufmg.br\/wp-content\/uploads\/2019\/05\/OGFB4B0-2.jpg 150w, https:\/\/projetoaiti.medicina.ufmg.br\/wp-content\/uploads\/2019\/05\/OGFB4B0-2-100x100.jpg 100w\" sizes=\"(max-width: 150px) 100vw, 150px\" \/><\/figure>\n<!-- \/wp:image -->\n\n<!-- wp:heading {\"level\":5,\"align\":\"center\"} -->\n<h5 style=\"text-align: center;\">Melhorar o atendimento ao paciente<\/h5>\n<!-- \/wp:heading -->\n\n<\/div>\n<!-- \/wp:column -->\n\n<!-- wp:column -->\n<div class=\"wp-block-column\"><!-- wp:image {\"id\":120} -->\n<figure class=\"wp-block-image\"><img loading=\"lazy\" width=\"150\" height=\"150\" class=\"wp-image-120\" src=\"https:\/\/site.projetoaiti.medicina.ufmg.br\/wp-content\/uploads\/2019\/05\/OF163U0-2.jpg\" alt=\"\" srcset=\"https:\/\/projetoaiti.medicina.ufmg.br\/wp-content\/uploads\/2019\/05\/OF163U0-2.jpg 150w, https:\/\/projetoaiti.medicina.ufmg.br\/wp-content\/uploads\/2019\/05\/OF163U0-2-100x100.jpg 100w\" sizes=\"(max-width: 150px) 100vw, 150px\" \/><\/figure>\n<!-- \/wp:image -->\n\n<!-- wp:heading {\"level\":5,\"align\":\"center\"} -->\n<h5 style=\"text-align: center;\">Cuidado integral<\/h5>\n<!-- \/wp:heading -->\n\n<!-- wp:paragraph -->\n\n<!-- \/wp:paragraph -->\n\n<\/div>\n<!-- \/wp:column -->\n\n<\/div>\n<!-- \/wp:columns -->\n\n<\/div>\n<!-- \/wp:column -->\n\n<!-- wp:column -->\n<div class=\"wp-block-column\"><!-- wp:columns -->\n<div class=\"wp-block-columns has-2-columns\"><!-- wp:column -->\n<div class=\"wp-block-column\"><!-- wp:image {\"id\":148} -->\n<figure class=\"wp-block-image\"><img loading=\"lazy\" width=\"150\" height=\"150\" class=\"wp-image-148\" src=\"https:\/\/site.projetoaiti.medicina.ufmg.br\/wp-content\/uploads\/2019\/05\/2322129-1.jpg\" alt=\"\" srcset=\"https:\/\/projetoaiti.medicina.ufmg.br\/wp-content\/uploads\/2019\/05\/2322129-1.jpg 150w, https:\/\/projetoaiti.medicina.ufmg.br\/wp-content\/uploads\/2019\/05\/2322129-1-100x100.jpg 100w\" sizes=\"(max-width: 150px) 100vw, 150px\" \/><\/figure>\n<!-- \/wp:image -->\n\n<!-- wp:heading {\"level\":5,\"align\":\"center\"} -->\n<h5 style=\"text-align: center;\">Integra\u00e7\u00e3o com a FAM\u00cdLIA e o paciente<\/h5>\n<!-- \/wp:heading -->\n\n<\/div>\n<!-- \/wp:column -->\n\n<!-- wp:column -->\n<div class=\"wp-block-column\"><!-- wp:image {\"id\":125} -->\n<figure class=\"wp-block-image\"><img loading=\"lazy\" width=\"150\" height=\"150\" class=\"wp-image-125\" src=\"https:\/\/site.projetoaiti.medicina.ufmg.br\/wp-content\/uploads\/2019\/05\/Saude-quadradinho.jpg\" alt=\"\" srcset=\"https:\/\/projetoaiti.medicina.ufmg.br\/wp-content\/uploads\/2019\/05\/Saude-quadradinho.jpg 150w, https:\/\/projetoaiti.medicina.ufmg.br\/wp-content\/uploads\/2019\/05\/Saude-quadradinho-100x100.jpg 100w\" sizes=\"(max-width: 150px) 100vw, 150px\" \/><\/figure>\n<!-- \/wp:image -->\n\n<!-- wp:heading {\"level\":5,\"align\":\"center\"} -->\n<h5 style=\"text-align: center;\">Prevenir a SPTI<\/h5>\n<!-- \/wp:heading -->\n\n<\/div>\n<!-- \/wp:column -->\n\n<\/div>\n<!-- \/wp:columns -->\n\n<!-- wp:paragraph -->\n\n<!-- \/wp:paragraph -->\n\n<\/div>\n<!-- \/wp:column -->\n\n<\/div>\n<!-- \/wp:columns -->\n\n<!-- wp:heading {\"level\":1,\"align\":\"center\"} -->\n<h1 style=\"text-align: center;\">Conhe\u00e7a o Centro de Terapia intensiva\ndo Hospital das Clinicas UFMG<\/h1>\n<!-- \/wp:heading -->\n\n<!-- wp:button {\"backgroundColor\":\"luminous-vivid-orange\",\"customTextColor\":\"#ffffff\",\"align\":\"center\",\"className\":\"is-style-default\"} -->\n<div class=\"wp-block-button aligncenter is-style-default\"><a href=\"https:\/\/projetoaiti.medicina.ufmg.br\/index.php\/sobre-o-cti\/\"><img loading=\"lazy\" class=\" wp-image-335 aligncenter\" src=\"https:\/\/projetoaiti.medicina.ufmg.br\/wp-content\/uploads\/2019\/07\/2297742-300x300.jpg\" alt=\"\" width=\"75\" height=\"75\" srcset=\"https:\/\/projetoaiti.medicina.ufmg.br\/wp-content\/uploads\/2019\/07\/2297742-300x300.jpg 300w, https:\/\/projetoaiti.medicina.ufmg.br\/wp-content\/uploads\/2019\/07\/2297742-150x150.jpg 150w, https:\/\/projetoaiti.medicina.ufmg.br\/wp-content\/uploads\/2019\/07\/2297742-768x768.jpg 768w, https:\/\/projetoaiti.medicina.ufmg.br\/wp-content\/uploads\/2019\/07\/2297742-1024x1024.jpg 1024w, https:\/\/projetoaiti.medicina.ufmg.br\/wp-content\/uploads\/2019\/07\/2297742-100x100.jpg 100w, https:\/\/projetoaiti.medicina.ufmg.br\/wp-content\/uploads\/2019\/07\/2297742.jpg 2000w\" sizes=\"(max-width: 75px) 100vw, 75px\" \/><\/a><\/div>\n<!-- \/wp:button -->","protected":false},"excerpt":{"rendered":"<p>Quem somos Aten\u00e7\u00e3o Integral ap\u00f3s a Terapia Intensiva (AITI) O projeto Aten\u00e7\u00e3o Integral ap\u00f3s a Terapia Intensiva pretende contribuir para disseminar conhecimento sobre os impactos da doen\u00e7a cr\u00edtica. As a\u00e7\u00f5es dele visam auxiliar pacientes egressos da terapia intensiva e seus cuidadores a compreender e lidar com novas condi\u00e7\u00f5es de funcionalidade e qualidade de vida decorrentes &hellip; <\/p>\n<p class=\"link-more\"><a href=\"https:\/\/projetoaiti.medicina.ufmg.br\/\" class=\"more-link\">Continue lendo<span class=\"screen-reader-text\"> &#8220;Inicio&#8221;<\/span><\/a><\/p>\n","protected":false},"author":2,"featured_media":0,"parent":0,"menu_order":0,"comment_status":"closed","ping_status":"closed","template":"","meta":[],"_links":{"self":[{"href":"https:\/\/projetoaiti.medicina.ufmg.br\/index.php\/wp-json\/wp\/v2\/pages\/62"}],"collection":[{"href":"https:\/\/projetoaiti.medicina.ufmg.br\/index.php\/wp-json\/wp\/v2\/pages"}],"about":[{"href":"https:\/\/projetoaiti.medicina.ufmg.br\/index.php\/wp-json\/wp\/v2\/types\/page"}],"author":[{"embeddable":true,"href":"https:\/\/projetoaiti.medicina.ufmg.br\/index.php\/wp-json\/wp\/v2\/users\/2"}],"replies":[{"embeddable":true,"href":"https:\/\/projetoaiti.medicina.ufmg.br\/index.php\/wp-json\/wp\/v2\/comments?post=62"}],"version-history":[{"count":36,"href":"https:\/\/projetoaiti.medicina.ufmg.br\/index.php\/wp-json\/wp\/v2\/pages\/62\/revisions"}],"predecessor-version":[{"id":730,"href":"https:\/\/projetoaiti.medicina.ufmg.br\/index.php\/wp-json\/wp\/v2\/pages\/62\/revisions\/730"}],"wp:attachment":[{"href":"https:\/\/projetoaiti.medicina.ufmg.br\/index.php\/wp-json\/wp\/v2\/media?parent=62"}],"curies":[{"name":"wp","href":"https:\/\/api.w.org\/{rel}","templated":true}]}}