{"id":565,"date":"2020-03-30T15:37:52","date_gmt":"2020-03-30T18:37:52","guid":{"rendered":"https:\/\/projetoaiti.medicina.ufmg.br\/?page_id=565"},"modified":"2020-04-07T17:31:59","modified_gmt":"2020-04-07T20:31:59","slug":"coronavirus-covid-19","status":"publish","type":"page","link":"https:\/\/projetoaiti.medicina.ufmg.br\/index.php\/coronavirus-covid-19\/","title":{"rendered":"Coronav\u00edrus (COVID-19)"},"content":{"rendered":"\n<h2 style=\"text-align:center\">Coronav\u00edrus e o Projeto AITI<\/h2>\n\n\n\n<p>Considerando as novas necessidades de atua\u00e7\u00e3o, dentro do cen\u00e1rio de sa\u00fade atual, o Projeto AITI redirecionou suas atividades no sentido de oferecer apoio \u00e0 sociedade e aos profissionais da sa\u00fade no enfrentamento \u00e0 pandemia do coronav\u00edrus.<br><\/p>\n\n\n\n<p>Acreditamos que esse \u00e9 um momento de grandes transforma\u00e7\u00f5es para todos, em que somos obrigados a passar por mudan\u00e7as pessoais e sociais. Temos a necessidade de ressignificar nossas a\u00e7\u00f5es para nos adequar \u00e0 nova realidade. Como forma de contribuir para esse processo, colocamos dispon\u00edveis aqui os materiais produzidos pelo projeto e parceiros, e tamb\u00e9m links para outras fontes confi\u00e1veis<\/p>\n\n\n\n<h2 style=\"text-align:center\">Produ\u00e7\u00f5es do projeto AITI<\/h2>\n\n\n\n<ul><li><a href=\"https:\/\/projetoaiti.medicina.ufmg.br\/index.php\/coronavirus-covid-19\/saude-mental\/\" target=\"_blank\" rel=\"noreferrer noopener\" aria-label=\" (abre numa nova aba)\">Sa\u00fade Mental em tempos de coronav\u00edrus<\/a><\/li><\/ul>\n\n\n\n<ul><li><a href=\"https:\/\/projetoaiti.medicina.ufmg.br\/index.php\/area-para-o-profissional-da-saude\/\" target=\"_blank\" rel=\"noreferrer noopener\" aria-label=\"Material e informa\u00e7\u00e3o para profissionais da sa\u00fade sobre o coronav\u00edrus (abre numa nova aba)\">Material e informa\u00e7\u00e3o para profissionais da sa\u00fade sobre o coronav\u00edrus<\/a><\/li><\/ul>\n\n\n\n<h2 style=\"text-align:center\">Tem d\u00favidas sobre o novo coronav\u00edrus?<\/h2>\n\n\n\n<div class=\"wp-block-image\"><figure class=\"aligncenter\"><a href=\"https:\/\/projetoaiti.medicina.ufmg.br\/index.php\/duvidas-sobre-o-coronavirus\/\" target=\"_blank\" rel=\"noreferrer noopener\"><img loading=\"lazy\" width=\"150\" height=\"150\" src=\"https:\/\/projetoaiti.medicina.ufmg.br\/wp-content\/uploads\/2020\/04\/2327741-150x150.jpg\" alt=\"\" class=\"wp-image-677\" srcset=\"https:\/\/projetoaiti.medicina.ufmg.br\/wp-content\/uploads\/2020\/04\/2327741-150x150.jpg 150w, https:\/\/projetoaiti.medicina.ufmg.br\/wp-content\/uploads\/2020\/04\/2327741-300x300.jpg 300w, https:\/\/projetoaiti.medicina.ufmg.br\/wp-content\/uploads\/2020\/04\/2327741-768x768.jpg 768w, https:\/\/projetoaiti.medicina.ufmg.br\/wp-content\/uploads\/2020\/04\/2327741-1024x1024.jpg 1024w, https:\/\/projetoaiti.medicina.ufmg.br\/wp-content\/uploads\/2020\/04\/2327741-100x100.jpg 100w, https:\/\/projetoaiti.medicina.ufmg.br\/wp-content\/uploads\/2020\/04\/2327741.jpg 2000w\" sizes=\"(max-width: 150px) 100vw, 150px\" \/><\/a><\/figure><\/div>\n\n\n\n<h2 style=\"text-align:center\">Materiais confi\u00e1veis sobre o assunto<\/h2>\n\n\n\n<p><a href=\"https:\/\/youtu.be\/y4emEnSbO8o\" target=\"_blank\" rel=\"noreferrer noopener\" aria-label=\" (abre numa nova aba)\">WebAula ministrada pelo professor Unai Tupinamb\u00e1s acerca do COVID-19<\/a><\/p>\n\n\n\n<p style=\"font-size:11px\">Web aula acerca do novo coronav\u00edrus (COVID-19) ministrada pelo Unai Tupinamb\u00e1s, professor do departamento de clinica medica da Faculdade de Medicina da UFMG. <br><strong>Fonte : Canal do Youtube do Centro de Tecnologia em Sa\u00fade da Faculdade de Medicina &#8211; UFMG<\/strong><\/p>\n\n\n\n<p><a href=\"https:\/\/www.youtube.com\/watch?v=QqYJNKgNzzM&amp;feature=youtu.be\" target=\"_blank\" rel=\"noreferrer noopener\" aria-label=\" (abre numa nova aba)\">Uso de Equipamento de Prote\u00e7\u00e3o Individual  &#8211; COVID-19 <\/a><\/p>\n\n\n\n<p style=\"font-size:11px\">V\u00eddeo exemplificando como deve ser o uso correto dos equipamentos de prote\u00e7\u00e3o individual pelo profissional da sa\u00fade.<br><strong>Fonte : Canal do Youtube do Centro de Tecnologia em Sa\u00fade da Faculdade de Medicina &#8211; UFMG<\/strong><\/p>\n\n\n\n<p><a href=\"https:\/\/www.medicina.ufmg.br\/higienizacao-de-alimentos-evita-riscos-durante-o-isolamento-social\/\" target=\"_blank\" rel=\"noreferrer noopener\" aria-label=\" (abre numa nova aba)\">Higieniza\u00e7\u00e3o dos alimentos <\/a><\/p>\n\n\n\n<p style=\"font-size:11px\">Professora de nutri\u00e7\u00e3o da Escola de Enfermagem da UFMG orienta sobre cuidados ao manusear e preparar alimentos em casa.<br><strong>Fonte:  <\/strong><a href=\"https:\/\/www.medicina.ufmg.br\/\"><strong>https:\/\/www.medicina.ufmg.br\/<\/strong><\/a><strong> , 24 de mar\u00e7o de 2020. <\/strong><\/p>\n\n\n\n<div class=\"wp-block-file\"><a href=\"https:\/\/projetoaiti.medicina.ufmg.br\/wp-content\/uploads\/2020\/03\/Persistencia-do-vi\u0301rus-em-superfi\u0301cies.pdf\" target=\"_blank\" rel=\"noreferrer noopener\">Persist\u00eancia do vi\u0301rus (COVID-19) em superfi\u0301cies inanimadas (ingl\u00eas)<\/a><\/div>\n\n\n\n<p style=\"font-size:11px\">Artigo cientifico (em ingl\u00eas) acerca da persist\u00eancia do COVID-19 em superf\u00edcies inanimadas e dos agentes para realizar sua inativa\u00e7\u00e3o.  <br><strong>Fonte:  Journal of Hospital Infection,  dispon\u00edvel online dia 06 de fevereiro 2020 <\/strong><\/p>\n\n\n\n<div class=\"wp-block-file\"><a href=\"https:\/\/projetoaiti.medicina.ufmg.br\/wp-content\/uploads\/2020\/03\/Sites-de-evide\u0302ncias-cienti\u0301ficas-de-alta-qualidade-de-livre-acesso.pdf\" target=\"_blank\" rel=\"noreferrer noopener\">Evide\u0302ncias cienti\u0301ficas de alta qualidade<\/a><\/div>\n\n\n\n<p style=\"font-size:11px\">Compilado de sites de evid\u00eancias cient\u00edficas de alta qualidade e de livre acesso. <br><strong>Fonte:  Ulysses Panisset, professor adjunto MPS, dia 18 de mar\u00e7o de 2020<\/strong><\/p>\n\n\n\n<div class=\"wp-block-file\"><a href=\"https:\/\/projetoaiti.medicina.ufmg.br\/wp-content\/uploads\/2020\/03\/Recomendac\u0327o\u0303es-sobre-isolamento-respirato\u0301rio-domiciliar.pdf\" target=\"_blank\" rel=\"noreferrer noopener\">Isolamento respirato\u0301rio domiciliar<\/a><\/div>\n\n\n\n<p style=\"font-size:11px\">Recomenda\u00e7\u00f5es para pacientes e familiares sobre isolamento domiciliar devido a suspeita de infec\u00e7\u00e3o pelo novo coronav\u00edrus (covid-19). <br><strong>Fonte: Secretaria Municipal de Sa\u00fade de Belo Horizonte publicado no dia 09 de mar\u00e7o de 2020<\/strong><\/p>\n\n\n\n<div class=\"wp-block-file\"><a href=\"https:\/\/projetoaiti.medicina.ufmg.br\/wp-content\/uploads\/2020\/03\/Nota-te\u0301cnica-para-edifi\u0301cios-residenciais-e-comerciais-COVID-19.pdf\" target=\"_blank\" rel=\"noreferrer noopener\">Nota te\u0301cnica para edifi\u0301cios residenciais e comerciais COVID-19<\/a><\/div>\n\n\n\n<p style=\"font-size:11px\">Orienta\u00e7\u00f5es sobre limpeza e desinfec\u00e7\u00e3o, dirigidas aos propriet\u00e1rios, residentes, s\u00edndicos e equipe de limpeza, em edif\u00edcios residenciais, oferecidas \u00e0s assembleias e s\u00edndicos de condom\u00ednios de pr\u00e9dios.  <br><strong>Fonte: Departamento de Medicina Preventiva e Social &#8211; MPS , Faculdade de Medicina da UFMG,  preparadas no dia 27 de mar\u00e7o de 2020 <\/strong><\/p>\n\n\n\n<p><\/p>\n","protected":false},"excerpt":{"rendered":"<p>Coronav\u00edrus e o Projeto AITI Considerando as novas necessidades de atua\u00e7\u00e3o, dentro do cen\u00e1rio de sa\u00fade atual, o Projeto AITI redirecionou suas atividades no sentido de oferecer apoio \u00e0 sociedade e aos profissionais da sa\u00fade no enfrentamento \u00e0 pandemia do coronav\u00edrus. Acreditamos que esse \u00e9 um momento de grandes transforma\u00e7\u00f5es para todos, em que somos &hellip; <\/p>\n<p class=\"link-more\"><a href=\"https:\/\/projetoaiti.medicina.ufmg.br\/index.php\/coronavirus-covid-19\/\" class=\"more-link\">Continue lendo<span class=\"screen-reader-text\"> &#8220;Coronav\u00edrus (COVID-19)&#8221;<\/span><\/a><\/p>\n","protected":false},"author":2,"featured_media":0,"parent":0,"menu_order":0,"comment_status":"closed","ping_status":"closed","template":"","meta":[],"_links":{"self":[{"href":"https:\/\/projetoaiti.medicina.ufmg.br\/index.php\/wp-json\/wp\/v2\/pages\/565"}],"collection":[{"href":"https:\/\/projetoaiti.medicina.ufmg.br\/index.php\/wp-json\/wp\/v2\/pages"}],"about":[{"href":"https:\/\/projetoaiti.medicina.ufmg.br\/index.php\/wp-json\/wp\/v2\/types\/page"}],"author":[{"embeddable":true,"href":"https:\/\/projetoaiti.medicina.ufmg.br\/index.php\/wp-json\/wp\/v2\/users\/2"}],"replies":[{"embeddable":true,"href":"https:\/\/projetoaiti.medicina.ufmg.br\/index.php\/wp-json\/wp\/v2\/comments?post=565"}],"version-history":[{"count":25,"href":"https:\/\/projetoaiti.medicina.ufmg.br\/index.php\/wp-json\/wp\/v2\/pages\/565\/revisions"}],"predecessor-version":[{"id":718,"href":"https:\/\/projetoaiti.medicina.ufmg.br\/index.php\/wp-json\/wp\/v2\/pages\/565\/revisions\/718"}],"wp:attachment":[{"href":"https:\/\/projetoaiti.medicina.ufmg.br\/index.php\/wp-json\/wp\/v2\/media?parent=565"}],"curies":[{"name":"wp","href":"https:\/\/api.w.org\/{rel}","templated":true}]}}