{"id":474,"date":"2019-11-02T05:33:44","date_gmt":"2019-11-02T08:33:44","guid":{"rendered":"https:\/\/site.projetoaiti.medicina.ufmg.br\/?page_id=474"},"modified":"2020-04-07T17:55:22","modified_gmt":"2020-04-07T20:55:22","slug":"traqueostomia","status":"publish","type":"page","link":"https:\/\/projetoaiti.medicina.ufmg.br\/index.php\/traqueostomia\/","title":{"rendered":"Traqueostomia"},"content":{"rendered":"\n<div class=\"wp-block-image\"><figure class=\"aligncenter\"><img loading=\"lazy\" width=\"626\" height=\"417\" src=\"https:\/\/site.projetoaiti.medicina.ufmg.br\/wp-content\/uploads\/2019\/10\/patient-tracheostomy-ventilator-hospital_41043-74.jpg\" alt=\"\" class=\"wp-image-505\" srcset=\"https:\/\/projetoaiti.medicina.ufmg.br\/wp-content\/uploads\/2019\/10\/patient-tracheostomy-ventilator-hospital_41043-74.jpg 626w, https:\/\/projetoaiti.medicina.ufmg.br\/wp-content\/uploads\/2019\/10\/patient-tracheostomy-ventilator-hospital_41043-74-300x200.jpg 300w\" sizes=\"(max-width: 626px) 100vw, 626px\" \/><\/figure><\/div>\n\n\n\n<h2>O que \u00e9 a traqueostomia?<\/h2>\n\n\n\n<p>\u00c9 uma cirurgia no pesco\u00e7o em que \u00e9 feita uma abertura na traqueia (que fica na parte anterior do pesco\u00e7o, pr\u00f3xima ao &#8220;pomo de Ad\u00e3o&#8221;) por onde \u00e9 colocado um tubo (chamado de <strong><a href=\"https:\/\/projetoaiti.medicina.ufmg.br\/index.php\/glossario\/\">c\u00e2nula<\/a><\/strong>), para passagem do ar, melhorando a respira\u00e7\u00e3o.<br><\/p>\n\n\n\n<h2>Quando a traqueostomia \u00e9 necess\u00e1ria? <\/h2>\n\n\n\n<p>Quando h\u00e1 obstru\u00e7\u00e3o da passagem de ar. Desse modo, ao sentir falta de ar com regularidade ou quando tiver respira\u00e7\u00e3o barulhenta ou, ainda, engasgos frequentes, procure um hospital.<\/p>\n\n\n\n<h2>Cuidados que a pessoa traqueostomizada deve ter<\/h2>\n\n\n\n<div class=\"wp-block-image\"><figure class=\"alignright is-resized\"><img loading=\"lazy\" src=\"https:\/\/site.projetoaiti.medicina.ufmg.br\/wp-content\/uploads\/2019\/11\/tracheostomy.jpg\" alt=\"\" class=\"wp-image-522\" width=\"250\" height=\"268\" srcset=\"https:\/\/projetoaiti.medicina.ufmg.br\/wp-content\/uploads\/2019\/11\/tracheostomy.jpg 500w, https:\/\/projetoaiti.medicina.ufmg.br\/wp-content\/uploads\/2019\/11\/tracheostomy-281x300.jpg 281w\" sizes=\"(max-width: 250px) 100vw, 250px\" \/><\/figure><\/div>\n\n\n\n<p>No momento em que o indiv\u00edduo traqueostomizado recebe alta hospitalar ele receber\u00e1 a orienta\u00e7\u00e3o adequada sobre como cuidar da c\u00e2nula introduzida na traqueia. Assim, \u00e9 muito importaante que todas as d\u00favidas sejam esclarecidas com o  profissional que est\u00e1 orientando o paciente e que ele siga as instru\u00e7\u00f5es da maneira como foi dita. <br>A seguir s\u00e3o dadas algumas dicas sobre os cuidados que o paciente com traqueostomia deve tomar.<\/p>\n\n\n\n<h2>Algumas dicas sobre como voltar ao cotidiano ap\u00f3s a traqueostomia<\/h2>\n\n\n\n<p>Busque retornar a realizar as tarefas do seu cotidiano com tranquilidade. <br>A seguir v\u00e3o algumas dicas que te ajudar\u00e3o nesse processo de adapta\u00e7\u00e3o:<br><br>1. Use o protetor de banho (que \u00e9 oferecido no hospital) que cobre a traqueostomia juntamente com o chuveirinho para se banhar.<br>2. Sua alimenta\u00e7\u00e3o pode ser feita normalmente, j\u00e1 que a traqueostomia n\u00e3o altera o seu sistema digest\u00f3rio. Por isso, sente-se para comer com calma, coloque pequenas por\u00e7\u00f5es de comida na boca e mastigue bem os alimentos antes de engolir.<br>3. Beba muita \u00e1gua. Estar sempre hidratado \u00e9 muito importante.<\/p>\n\n\n\n<h2>Como limpar a <a href=\"https:\/\/site.projetoaiti.medicina.ufmg.br\/index.php\/glossario\/\">c\u00e2nula<\/a>?<\/h2>\n\n\n\n<div class=\"wp-block-image\"><figure class=\"alignright is-resized\"><img loading=\"lazy\" src=\"https:\/\/site.projetoaiti.medicina.ufmg.br\/wp-content\/uploads\/2019\/11\/tube7-2.jpg\" alt=\"\" class=\"wp-image-531\" width=\"144\" height=\"178\" srcset=\"https:\/\/projetoaiti.medicina.ufmg.br\/wp-content\/uploads\/2019\/11\/tube7-2.jpg 505w, https:\/\/projetoaiti.medicina.ufmg.br\/wp-content\/uploads\/2019\/11\/tube7-2-244x300.jpg 244w\" sizes=\"(max-width: 144px) 100vw, 144px\" \/><figcaption><strong><em>De cima para baixo:        C\u00e2nula externa, c\u00e2nula interna e mandril<\/em><\/strong><br><em>Fonte: hopkinsmedicine<\/em><\/figcaption><\/figure><\/div>\n\n\n\n<p>\u00c9 muito importante que a pessoa limpe a subc\u00e2nula ao menos cinco vezes ao dia seguindo os seguintes passos:<br><br>1. Lave bem as m\u00e3os e retire a subc\u00e2nula do pesco\u00e7o.<br>2. Lave a subc\u00e2nula com \u00e1gua corrente, passando uma escova para retirar qualquer tipo de res\u00edduo.<br>3. Seque bem a subc\u00e2nula e coloque-a de volta na c\u00e2nula que est\u00e1 dentro do pesco\u00e7o.<br>4. Limpe bem a pele ao redor do pesco\u00e7o com uma toalha limpa, sabonete e \u00e1gua corrente.<br>5. Troque as gazes entre a c\u00e2nula e a pele do pesco\u00e7o colocando duas outras gazes dobradas no lugar.<br>6. Lave as m\u00e3os novamente.<\/p>\n\n\n\n<h2>Para familiares e amigos<\/h2>\n\n\n\n<p>A pessoa traqueostomizada passou por um processo que mudou a sua vida e dessa forma, ela precisa se readaptar. Por isso, \u00e9 muito importante que voc\u00ea tenha paci\u00eancia e a apoie sempre que ela precisar. <br>Al\u00e9m disso, \u00e9 fundamental que voc\u00ea incentive o indiv\u00edduo traqueostomizado a voltar a sua rotina normalmente e a conviver com a traqueostomia em p\u00fablico, ainda, motive-a para que ela volte a levar a vida de um modo tranquilo.<\/p>\n\n\n\n<p class=\"has-small-font-size\"> Refer\u00eancia: INCA <br><\/p>\n\n\n\n<p style=\"text-align:center\" class=\"has-small-font-size\">  Conte\u00fado por Bruna Fernandes  <\/p>\n","protected":false},"excerpt":{"rendered":"<p>O que \u00e9 a traqueostomia? \u00c9 uma cirurgia no pesco\u00e7o em que \u00e9 feita uma abertura na traqueia (que fica na parte anterior do pesco\u00e7o, pr\u00f3xima ao &#8220;pomo de Ad\u00e3o&#8221;) por onde \u00e9 colocado um tubo (chamado de c\u00e2nula), para passagem do ar, melhorando a respira\u00e7\u00e3o. Quando a traqueostomia \u00e9 necess\u00e1ria? Quando h\u00e1 obstru\u00e7\u00e3o da &hellip; <\/p>\n<p class=\"link-more\"><a href=\"https:\/\/projetoaiti.medicina.ufmg.br\/index.php\/traqueostomia\/\" class=\"more-link\">Continue lendo<span class=\"screen-reader-text\"> &#8220;Traqueostomia&#8221;<\/span><\/a><\/p>\n","protected":false},"author":2,"featured_media":0,"parent":0,"menu_order":0,"comment_status":"closed","ping_status":"closed","template":"","meta":[],"_links":{"self":[{"href":"https:\/\/projetoaiti.medicina.ufmg.br\/index.php\/wp-json\/wp\/v2\/pages\/474"}],"collection":[{"href":"https:\/\/projetoaiti.medicina.ufmg.br\/index.php\/wp-json\/wp\/v2\/pages"}],"about":[{"href":"https:\/\/projetoaiti.medicina.ufmg.br\/index.php\/wp-json\/wp\/v2\/types\/page"}],"author":[{"embeddable":true,"href":"https:\/\/projetoaiti.medicina.ufmg.br\/index.php\/wp-json\/wp\/v2\/users\/2"}],"replies":[{"embeddable":true,"href":"https:\/\/projetoaiti.medicina.ufmg.br\/index.php\/wp-json\/wp\/v2\/comments?post=474"}],"version-history":[{"count":22,"href":"https:\/\/projetoaiti.medicina.ufmg.br\/index.php\/wp-json\/wp\/v2\/pages\/474\/revisions"}],"predecessor-version":[{"id":735,"href":"https:\/\/projetoaiti.medicina.ufmg.br\/index.php\/wp-json\/wp\/v2\/pages\/474\/revisions\/735"}],"wp:attachment":[{"href":"https:\/\/projetoaiti.medicina.ufmg.br\/index.php\/wp-json\/wp\/v2\/media?parent=474"}],"curies":[{"name":"wp","href":"https:\/\/api.w.org\/{rel}","templated":true}]}}