{"id":408,"date":"2019-07-16T09:21:39","date_gmt":"2019-07-16T12:21:39","guid":{"rendered":"https:\/\/site.projetoaiti.medicina.ufmg.br\/?page_id=408"},"modified":"2020-04-05T17:32:53","modified_gmt":"2020-04-05T20:32:53","slug":"entre-em-contato","status":"publish","type":"page","link":"https:\/\/projetoaiti.medicina.ufmg.br\/index.php\/entre-em-contato\/","title":{"rendered":"Entre em Contato"},"content":{"rendered":"\n<p><\/p>\n\n\n\n\t\t\t\t\t\t<style>\r\n\t\t\t\t#wpsm_accordion_409 .wpsm_panel-heading{\r\n\tpadding:0px !important;\r\n}\r\n#wpsm_accordion_409 .wpsm_panel-title {\r\n\tmargin:0px !important; \r\n\ttext-transform:none !important;\r\n\tline-height: 1 !important;\r\n}\r\n#wpsm_accordion_409 .wpsm_panel-title a{\r\n\ttext-decoration:none;\r\n\toverflow:hidden;\r\n\tdisplay:block;\r\n\tpadding:0px;\r\n\tfont-size: 18px !important;\r\n\tfont-family: Helvetica !important;\r\n\tcolor:#ffffff !important;\r\n\tborder-bottom:0px !important;\r\n}\r\n\r\n#wpsm_accordion_409 .wpsm_panel-title a:focus {\r\noutline: 0px !important;\r\n}\r\n\r\n#wpsm_accordion_409 .wpsm_panel-title a:hover, #wpsm_accordion_409 .wpsm_panel-title a:focus {\r\n\tcolor:#ffffff !important;\r\n}\r\n#wpsm_accordion_409 .acc-a{\r\n\tcolor: #ffffff !important;\r\n\tbackground-color:#66ccff !important;\r\n\tborder-color: #ddd;\r\n}\r\n#wpsm_accordion_409 .wpsm_panel-default > .wpsm_panel-heading{\r\n\tcolor: #ffffff !important;\r\n\tbackground-color: #66ccff !important;\r\n\tborder-color: #66ccff !important;\r\n\tborder-top-left-radius: 0px;\r\n\tborder-top-right-radius: 0px;\r\n}\r\n#wpsm_accordion_409 .wpsm_panel-default {\r\n\t\tborder:1px solid transparent !important;\r\n\t}\r\n#wpsm_accordion_409 {\r\n\tmargin-bottom: 20px;\r\n\toverflow: hidden;\r\n\tfloat: none;\r\n\twidth: 100%;\r\n\tdisplay: block;\r\n}\r\n#wpsm_accordion_409 .ac_title_class{\r\n\tdisplay: block;\r\n\tpadding-top: 12px;\r\n\tpadding-bottom: 12px;\r\n\tpadding-left: 15px;\r\n\tpadding-right: 15px;\r\n}\r\n#wpsm_accordion_409  .wpsm_panel {\r\n\toverflow:hidden;\r\n\t-webkit-box-shadow: 0 0px 0px rgba(0, 0, 0, .05);\r\n\tbox-shadow: 0 0px 0px rgba(0, 0, 0, .05);\r\n\t\tborder-radius: 4px;\r\n\t}\r\n#wpsm_accordion_409  .wpsm_panel + .wpsm_panel {\r\n\t\tmargin-top: 5px;\r\n\t}\r\n#wpsm_accordion_409  .wpsm_panel-body{\r\n\tbackground-color:#ffffff !important;\r\n\tcolor:#000000 !important;\r\n\tborder-top-color: #66ccff !important;\r\n\tfont-size:16px !important;\r\n\tfont-family: Helvetica !important;\r\n\toverflow: hidden;\r\n\t\tborder: 2px solid transparent !important;\r\n\t}\r\n\r\n#wpsm_accordion_409 .ac_open_cl_icon{\r\n\tbackground-color:#66ccff !important;\r\n\tcolor: #ffffff !important;\r\n\tfloat:left !important;\r\n\tpadding-top: 12px !important;\r\n\tpadding-bottom: 12px !important;\r\n\tline-height: 1.0 !important;\r\n\tpadding-left: 15px !important;\r\n\tpadding-right: 15px !important;\r\n\tdisplay: inline-block !important;\r\n}\r\n\r\n\t\t\t\r\n\t\t\t\t\r\n\t\r\n\t\t\t<\/style>\r\n\t\t\t<div class=\"wpsm_panel-group\" id=\"wpsm_accordion_409\" >\r\n\t\t\t\t\t\t\t\t\r\n\t\t\t\t\t<!-- Inner panel Start -->\r\n\t\t\t\t\t<div class=\"wpsm_panel wpsm_panel-default\">\r\n\t\t\t\t\t\t<div class=\"wpsm_panel-heading\" role=\"tab\" >\r\n\t\t\t\t\t\t  <h4 class=\"wpsm_panel-title\">\r\n\t\t\t\t\t\t\t<a  class=\"\"  data-toggle=\"collapse\" data-parent=\"#wpsm_accordion_409 \" href=\"#ac_409_collapse1\"  >\r\n\t\t\t\t\t\t\t\t\t\t\t\t\t\t\t\t\t<span class=\"ac_open_cl_icon fa fa-plus\"><\/span>\r\n\t\t\t\t\t\t\t\t\t\r\n\t\t\t\t\t\t\t\t \r\n\t\t\t\t\t\t\t\t<span class=\"ac_title_class\">\r\n\t\t\t\t\t\t\t\t\tEu gostaria de participar do Projeto AITI\t\t\t\t\t\t\t\t<\/span>\r\n\t\t\t\t\t\t\t<\/a>\r\n\t\t\t\t\t\t  <\/h4>\r\n\t\t\t\t\t\t<\/div>\r\n\t\t\t\t\t\t<div id=\"ac_409_collapse1\" class=\"wpsm_panel-collapse collapse \"  >\r\n\t\t\t\t\t\t  <div class=\"wpsm_panel-body\">\r\n\t\t\t\t\t\t\tO No momento n\u00e3o estamos com inscri\u00e7\u00f5es abertas, por\u00e9m o <strong>Projeto AITI<\/strong> esta de portas abertas para os interessados em integrar o grupo. Futuramente, podemos entrar em contato.\r\n\r\nAs atividades s\u00e3o semanais, no Hospital das Cl\u00ednicas e os hor\u00e1rios ser\u00e3o distribu\u00eddas ap\u00f3s a sele\u00e7\u00e3o, de acordo com a disponibilidade do aluno e demanda do projeto.\r\n<ul>\r\n \t<li><em>\u00a0Triagem de paciente com alto risco de desenvolvimento de S\u00edndrome P\u00f3s Terapia Intensiva<\/em><\/li>\r\n \t<li><em>\u00a0Acompanhamento do Boletim M\u00e9dico, quando o m\u00e9dico do CTI informa os acompanhantes sobre a evolu\u00e7\u00e3o do paciente internado<\/em><\/li>\r\n \t<li><em>\u00a0Aplica\u00e7\u00e3o de question\u00e1rios e escalas de triagem aos pacientes internados na enfermaria ap\u00f3s alta do CTI<\/em><\/li>\r\n \t<li><em>\u00a0Desenvolvimento de materiais educativos para p\u00fablico leigo<\/em><\/li>\r\n<\/ul>\r\n\r\n<hr \/>\r\n\r\n<strong>Pr\u00e9-requisito:<\/strong>\r\n\r\nAcad\u00eamicos da UFMG de qualquer per\u00edodo dos cursos:\r\n<ul>\r\n \t<li>Enfermagem<\/li>\r\n \t<li>Farm\u00e1cia<\/li>\r\n \t<li>Fisioterapia<\/li>\r\n \t<li>Fonoaudiologia<\/li>\r\n \t<li>Nutri\u00e7\u00e3o<\/li>\r\n \t<li>Medicina<\/li>\r\n<\/ul>\r\nDisponibilidade de <strong>4 horas semanais<\/strong> para as atividades do projeto\r\n\r\n<hr \/>\r\n\r\n<p><strong>Para se inscrever basta enviar um formul\u00e1rio para o seguinte e-mail: projeto.aiti.ufmg@gmail.com com as seguintes informa\u00e7\u00f5es<\/strong><\/p>\r\n\r\n<p>\r\nTitulo do e-mail: Inscri\u00e7\u00e3o AITI\r\n<\/p>\r\n<strong>Conte\u00fado<\/strong>\r\n<ul>\r\n \t<li>Nome completo<\/li>\r\n \t<li>Curso e per\u00edodo em andamento<\/li>\r\n \t<li>Numero de contato por WhatsApp<\/li>\r\n \t<li>Por que voc\u00ea gostaria de participar do Projeto AITI? Qual a sua compreens\u00e3o sobre o cuidado integral ao paciente de terapia intensiva?<\/li>\r\n \t<li>Tem algum tipo de experiencia com cuidados intensivos ou projetos de extens\u00e3o?<\/li>\r\n<\/ul>\t\t\t\t\t\t  <\/div>\r\n\t\t\t\t\t\t<\/div>\r\n\t\t\t\t\t<\/div>\r\n\t\t\t\t\t<!-- Inner panel End -->\r\n\t\t\t\t\t\r\n\t\t\t\t\t\t\t\t\r\n\t\t\t\t\t<!-- Inner panel Start -->\r\n\t\t\t\t\t<div class=\"wpsm_panel wpsm_panel-default\">\r\n\t\t\t\t\t\t<div class=\"wpsm_panel-heading\" role=\"tab\" >\r\n\t\t\t\t\t\t  <h4 class=\"wpsm_panel-title\">\r\n\t\t\t\t\t\t\t<a  class=\"collapsed\"  data-toggle=\"collapse\" data-parent=\"#wpsm_accordion_409 \" href=\"#ac_409_collapse2\"  >\r\n\t\t\t\t\t\t\t\t\t\t\t\t\t\t\t\t\t<span class=\"ac_open_cl_icon fa fa-plus\"><\/span>\r\n\t\t\t\t\t\t\t\t\t\r\n\t\t\t\t\t\t\t\t \r\n\t\t\t\t\t\t\t\t<span class=\"ac_title_class\">\r\n\t\t\t\t\t\t\t\t\tTenho d\u00favidas ou sugest\u00f5es para o Projeto\t\t\t\t\t\t\t\t<\/span>\r\n\t\t\t\t\t\t\t<\/a>\r\n\t\t\t\t\t\t  <\/h4>\r\n\t\t\t\t\t\t<\/div>\r\n\t\t\t\t\t\t<div id=\"ac_409_collapse2\" class=\"wpsm_panel-collapse collapse \"  >\r\n\t\t\t\t\t\t  <div class=\"wpsm_panel-body\">\r\n\t\t\t\t\t\t\tAgradecemos muito o seu interesse em entrar em contato.\r\nPara isso, basta nos enviar um e-mail para o endere\u00e7o eletr\u00f4nico projeto.aiti.ufmg@gmail.com com o titulo do e-mail <strong>D\u00favidas e Sugest\u00f5es<\/strong>\t\t\t\t\t\t  <\/div>\r\n\t\t\t\t\t\t<\/div>\r\n\t\t\t\t\t<\/div>\r\n\t\t\t\t\t<!-- Inner panel End -->\r\n\t\t\t\t\t\r\n\t\t\t\t\t\t\t<\/div>\r\n\t\t\t\n","protected":false},"excerpt":{"rendered":"","protected":false},"author":2,"featured_media":0,"parent":0,"menu_order":0,"comment_status":"closed","ping_status":"closed","template":"","meta":[],"_links":{"self":[{"href":"https:\/\/projetoaiti.medicina.ufmg.br\/index.php\/wp-json\/wp\/v2\/pages\/408"}],"collection":[{"href":"https:\/\/projetoaiti.medicina.ufmg.br\/index.php\/wp-json\/wp\/v2\/pages"}],"about":[{"href":"https:\/\/projetoaiti.medicina.ufmg.br\/index.php\/wp-json\/wp\/v2\/types\/page"}],"author":[{"embeddable":true,"href":"https:\/\/projetoaiti.medicina.ufmg.br\/index.php\/wp-json\/wp\/v2\/users\/2"}],"replies":[{"embeddable":true,"href":"https:\/\/projetoaiti.medicina.ufmg.br\/index.php\/wp-json\/wp\/v2\/comments?post=408"}],"version-history":[{"count":4,"href":"https:\/\/projetoaiti.medicina.ufmg.br\/index.php\/wp-json\/wp\/v2\/pages\/408\/revisions"}],"predecessor-version":[{"id":680,"href":"https:\/\/projetoaiti.medicina.ufmg.br\/index.php\/wp-json\/wp\/v2\/pages\/408\/revisions\/680"}],"wp:attachment":[{"href":"https:\/\/projetoaiti.medicina.ufmg.br\/index.php\/wp-json\/wp\/v2\/media?parent=408"}],"curies":[{"name":"wp","href":"https:\/\/api.w.org\/{rel}","templated":true}]}}