{"id":276,"date":"2019-06-03T20:52:28","date_gmt":"2019-06-03T23:52:28","guid":{"rendered":"https:\/\/site.projetoaiti.medicina.ufmg.br\/?page_id=276"},"modified":"2020-04-07T17:56:39","modified_gmt":"2020-04-07T20:56:39","slug":"glossario","status":"publish","type":"page","link":"https:\/\/projetoaiti.medicina.ufmg.br\/index.php\/glossario\/","title":{"rendered":"Gloss\u00e1rio"},"content":{"rendered":"\n<p>Gloss\u00e1rio \u00e9 um dicionario especifico, aqui disponibilizamos o nosso gloss\u00e1rio das palavras mais utilizadas dentro de um hospital. Isso porque, muitas vezes, durante a comunica\u00e7\u00e3o entre equipe assistente, pacientes e familiares, algumas palavras surgem e podem n\u00e3o ser compreendidas , ser parcialmente entendidas ou entendidas de maneira errada. Para isso um gloss\u00e1rio com os principais termos utilizados dentro do ambiente hospitalar \u00e9 de grande import\u00e2ncia para melhorar a comunica\u00e7\u00e3o.<br><br>Tem d\u00favida com alguma palavra e ela n\u00e3o esta aqui? <a href=\"https:\/\/site.projetoaiti.medicina.ufmg.br\/index.php\/entre-em-contato\/\"><strong>Ma<\/strong><\/a><strong><a href=\"https:\/\/projetoaiti.medicina.ufmg.br\/index.php\/entre-em-contato\/\">nda para n\u00f3s<\/a><\/strong><br><\/p>\n\n\n\n<h2>Analg\u00e9sico<\/h2>\n\n\n\n<p>Um tipo de medicamento que reduz ou elimina a dor sendo que alguns diminuem o incha\u00e7o. Na UTI, a equipe de cuidados fornece ao paciente de acordo com a prescri\u00e7\u00e3o medica para: Diminuir o estresse do paciente, ajudar o paciente a dormir com o barulho e a luz da UTI. Al\u00e9m disso faz com que o paciente se sinta menos doente, dolorido, r\u00edgido, esquecido ou constipado. Um analg\u00e9sico tamb\u00e9m pode reduzir os efeitos colaterais e desconforto causados \u200b\u200bpor um procedimento m\u00e9dico e ou cir\u00fargico.<br><br>S\u00e3o exemplos a dipirona, os <strong>anti<\/strong>&#8211;<strong>inflamat\u00f3rio<\/strong> simples e os corticoides. S\u00e3o prescritos de maneira fixa, de resgate, a crit\u00e9rio medico ou de acordo com alguma orienta\u00e7\u00e3o.<br> <br><strong>Fixa: <\/strong>\u00e9 estipulado que o analg\u00e9sico deve ser administrado em um intervalo fixo por exemplo de 4 em 4 horas ou 8 em 8 horas.<br><br><strong>Resgate: <\/strong>Caso o paciente tenha dor mesmo com a medica\u00e7\u00e3o fixa \u00e9 administrado uma dose a mais alta ou um outro tipo de medicamento<br><br><strong>De acordo com as orienta\u00e7\u00f5es medicas:<\/strong> O medico pode orientar em quais momentos gostaria de o medicamento fosse administrado como: No caso de dor moderada ou febre maior de 38\u00ba<br><br><strong>A crit\u00e9rio medico:<\/strong> \u00c9 a administra\u00e7\u00e3o de medicamentos dependendo da decis\u00e3o do m\u00e9dico de acordo com as orienta\u00e7\u00f5es iniciais e sua avalia\u00e7\u00e3o no momento.<br> Por exemplo: Dipirona se dor ou febre maior de 38\u00ba C, a crit\u00e9rio m\u00e9dico. No caso isso ocorre porque o medico gostaria de avaliar o paciente nessas condi\u00e7\u00f5es, dor ou febre, para entender melhor o caso e saber se realmente a melhor op\u00e7\u00e3o \u00e9 administra\u00e7\u00e3o daquele medicamento.<\/p>\n\n\n\n<h2>Anest\u00e9sico<\/h2>\n\n\n\n<p>Um tipo de medicamento utilizado no paciente para causar uma perda tempor\u00e1ria das sensa\u00e7\u00f5es, tamb\u00e9m pode deixar o paciente com sono. Os anest\u00e9sicos podem ajudar o paciente a se sentir menos desconfort\u00e1vel durante um procedimento invasivo.<br><br>Por exemplo durante procedimentos, em que a pele e outras estruturas s\u00e3o cortadas ou um tubo \u00e9 inserido como em endoscopias, colonoscopia e ventilador mec\u00e2nico. Isso traz conforto ao paciente, facilita atendimento e o trabalho da equipe de sa\u00fade<\/p>\n\n\n\n<h2>Insufici\u00eancia respirat\u00f3ria aguda<\/h2>\n\n\n\n<p>A insufici\u00eancia respirat\u00f3ria aguda \u00e9 a incapacidade aguda do sistema respirat\u00f3rio em manter a oxigena\u00e7\u00e3o e\/ou ventila\u00e7\u00e3o ocasionando falha em fornecer ao organismo a quantidade de oxig\u00eanio (O2) que ele necessita para o seu funcionamento adequado. Sendo um quadro grave eles geralmente acabam na unidade de terapia intensiva (UTI) em uma m\u00e1quina que os ajuda a respirar (ventilador) at\u00e9 que essa incapacidade seja resolvida.<br><br><strong>Causas: <\/strong><br><em>Problemas neurol\u00f3gicos<\/em> devido a traumas e infec\u00e7\u00f5es<br><em>Problemas pulmonares<\/em> como dificuldade de passagem do ar nos casos de asma aguda ou por compress\u00e3o externa; dificuldade na passagem do oxig\u00eanio do ar para o sangue devido a liquido no pulm\u00e3o. Al\u00e9m de dificuldade na expans\u00e3o do pulm\u00e3o por traumas e compress\u00e3o por l\u00edquidos ou ar.<br><em>Problemas nos nervos e m\u00fasculos da respira\u00e7\u00e3o: <\/em>Trauma no t\u00f3rax; tumores.<\/p>\n\n\n\n<h2>C\u00e2nula de traqueostomia<\/h2>\n\n\n\n<div class=\"wp-block-image\"><figure class=\"alignright\"><img loading=\"lazy\" width=\"239\" height=\"211\" src=\"https:\/\/site.projetoaiti.medicina.ufmg.br\/wp-content\/uploads\/2019\/10\/download.jpeg\" alt=\"\" class=\"wp-image-508\"\/><figcaption>Fonte: INCA<\/figcaption><\/figure><\/div>\n\n\n\n<p style=\"text-align:left\">A c\u00e3nula \u00e9 um tubo de pl\u00e1stico ou de metal que \u00e9 introduzido no pesco\u00e7o do indiv\u00edduo para auxiliar a sua respira\u00e7\u00e3o. Ser\u00e1 por ele que o ar entrar\u00e1 e sair\u00e1 dos pulm\u00f5es. <\/p>\n\n\n\n<p><strong>Partes da c\u00e2nula:<\/strong>  A c\u00e3nula \u00e9 dividida em c\u00e2nula e subc\u00e3nula, sendo que \u00e9 fundamental que elas estejam limpas para evitar obstru\u00e7\u00f5es e mau cheiro.                                                                                                                  <\/p>\n\n\n\n<p>Para saber mais sobre traqueostomia e como limpar a c\u00e3nula clique<strong> <a href=\"https:\/\/projetoaiti.medicina.ufmg.br\/index.php\/traqueostomia\/\">aqui<\/a><\/strong>.<\/p>\n\n\n\n<p class=\"has-small-font-size\"><br><\/p>\n","protected":false},"excerpt":{"rendered":"<p>Gloss\u00e1rio \u00e9 um dicionario especifico, aqui disponibilizamos o nosso gloss\u00e1rio das palavras mais utilizadas dentro de um hospital. Isso porque, muitas vezes, durante a comunica\u00e7\u00e3o entre equipe assistente, pacientes e familiares, algumas palavras surgem e podem n\u00e3o ser compreendidas , ser parcialmente entendidas ou entendidas de maneira errada. Para isso um gloss\u00e1rio com os principais &hellip; <\/p>\n<p class=\"link-more\"><a href=\"https:\/\/projetoaiti.medicina.ufmg.br\/index.php\/glossario\/\" class=\"more-link\">Continue lendo<span class=\"screen-reader-text\"> &#8220;Gloss\u00e1rio&#8221;<\/span><\/a><\/p>\n","protected":false},"author":2,"featured_media":0,"parent":0,"menu_order":0,"comment_status":"closed","ping_status":"closed","template":"","meta":[],"_links":{"self":[{"href":"https:\/\/projetoaiti.medicina.ufmg.br\/index.php\/wp-json\/wp\/v2\/pages\/276"}],"collection":[{"href":"https:\/\/projetoaiti.medicina.ufmg.br\/index.php\/wp-json\/wp\/v2\/pages"}],"about":[{"href":"https:\/\/projetoaiti.medicina.ufmg.br\/index.php\/wp-json\/wp\/v2\/types\/page"}],"author":[{"embeddable":true,"href":"https:\/\/projetoaiti.medicina.ufmg.br\/index.php\/wp-json\/wp\/v2\/users\/2"}],"replies":[{"embeddable":true,"href":"https:\/\/projetoaiti.medicina.ufmg.br\/index.php\/wp-json\/wp\/v2\/comments?post=276"}],"version-history":[{"count":19,"href":"https:\/\/projetoaiti.medicina.ufmg.br\/index.php\/wp-json\/wp\/v2\/pages\/276\/revisions"}],"predecessor-version":[{"id":737,"href":"https:\/\/projetoaiti.medicina.ufmg.br\/index.php\/wp-json\/wp\/v2\/pages\/276\/revisions\/737"}],"wp:attachment":[{"href":"https:\/\/projetoaiti.medicina.ufmg.br\/index.php\/wp-json\/wp\/v2\/media?parent=276"}],"curies":[{"name":"wp","href":"https:\/\/api.w.org\/{rel}","templated":true}]}}