{"id":250,"date":"2019-06-03T20:02:24","date_gmt":"2019-06-03T23:02:24","guid":{"rendered":"https:\/\/site.projetoaiti.medicina.ufmg.br\/?page_id=250"},"modified":"2020-04-07T17:57:49","modified_gmt":"2020-04-07T20:57:49","slug":"principais-duvidas","status":"publish","type":"page","link":"https:\/\/projetoaiti.medicina.ufmg.br\/index.php\/principais-duvidas\/","title":{"rendered":"Principais D\u00favidas"},"content":{"rendered":"\n<div class=\"wp-block-image\"><figure class=\"aligncenter is-resized\"><img loading=\"lazy\" src=\"https:\/\/site.projetoaiti.medicina.ufmg.br\/wp-content\/uploads\/2019\/07\/2297742-1024x1024.jpg\" alt=\"\" class=\"wp-image-335\" width=\"184\" height=\"184\" srcset=\"https:\/\/projetoaiti.medicina.ufmg.br\/wp-content\/uploads\/2019\/07\/2297742-1024x1024.jpg 1024w, https:\/\/projetoaiti.medicina.ufmg.br\/wp-content\/uploads\/2019\/07\/2297742-150x150.jpg 150w, https:\/\/projetoaiti.medicina.ufmg.br\/wp-content\/uploads\/2019\/07\/2297742-300x300.jpg 300w, https:\/\/projetoaiti.medicina.ufmg.br\/wp-content\/uploads\/2019\/07\/2297742-768x768.jpg 768w, https:\/\/projetoaiti.medicina.ufmg.br\/wp-content\/uploads\/2019\/07\/2297742-100x100.jpg 100w, https:\/\/projetoaiti.medicina.ufmg.br\/wp-content\/uploads\/2019\/07\/2297742.jpg 2000w\" sizes=\"(max-width: 184px) 100vw, 184px\" \/><\/figure><\/div>\n\n\n\n<p>Com o intuito de auxiliar os visitantes do site deixamos aqui uma breve resposta das principais d\u00favidas que chegaram at\u00e9 n\u00f3s seja por contato direto com algum membro da equipe ou na aba <strong><a href=\"https:\/\/projetoaiti.medicina.ufmg.br\/index.php\/entre-em-contato\/\">Entre em Contato<\/a><\/strong><br><br>Conhe\u00e7a nosso <strong><a href=\"https:\/\/projetoaiti.medicina.ufmg.br\/index.php\/glossario\/\">gloss\u00e1rio<\/a><\/strong> (dicionario especifico) sobre termos mais utilizados em UTI e pelo site<\/p>\n\n\n\t\t\t\t\t\t<style>\r\n\t\t\t\t#wpsm_accordion_399 .wpsm_panel-heading{\r\n\tpadding:0px !important;\r\n}\r\n#wpsm_accordion_399 .wpsm_panel-title {\r\n\tmargin:0px !important; \r\n\ttext-transform:none !important;\r\n\tline-height: 1 !important;\r\n}\r\n#wpsm_accordion_399 .wpsm_panel-title a{\r\n\ttext-decoration:none;\r\n\toverflow:hidden;\r\n\tdisplay:block;\r\n\tpadding:0px;\r\n\tfont-size: 23px !important;\r\n\tfont-family: Helvetica !important;\r\n\tcolor:#ffffff !important;\r\n\tborder-bottom:0px !important;\r\n}\r\n\r\n#wpsm_accordion_399 .wpsm_panel-title a:focus {\r\noutline: 0px !important;\r\n}\r\n\r\n#wpsm_accordion_399 .wpsm_panel-title a:hover, #wpsm_accordion_399 .wpsm_panel-title a:focus {\r\n\tcolor:#ffffff !important;\r\n}\r\n#wpsm_accordion_399 .acc-a{\r\n\tcolor: #ffffff !important;\r\n\tbackground-color:#66ccff !important;\r\n\tborder-color: #ddd;\r\n}\r\n#wpsm_accordion_399 .wpsm_panel-default > .wpsm_panel-heading{\r\n\tcolor: #ffffff !important;\r\n\tbackground-color: #66ccff !important;\r\n\tborder-color: #66ccff !important;\r\n\tborder-top-left-radius: 0px;\r\n\tborder-top-right-radius: 0px;\r\n}\r\n#wpsm_accordion_399 .wpsm_panel-default {\r\n\t\tborder:1px solid transparent !important;\r\n\t}\r\n#wpsm_accordion_399 {\r\n\tmargin-bottom: 20px;\r\n\toverflow: hidden;\r\n\tfloat: none;\r\n\twidth: 100%;\r\n\tdisplay: block;\r\n}\r\n#wpsm_accordion_399 .ac_title_class{\r\n\tdisplay: block;\r\n\tpadding-top: 12px;\r\n\tpadding-bottom: 12px;\r\n\tpadding-left: 15px;\r\n\tpadding-right: 15px;\r\n}\r\n#wpsm_accordion_399  .wpsm_panel {\r\n\toverflow:hidden;\r\n\t-webkit-box-shadow: 0 0px 0px rgba(0, 0, 0, .05);\r\n\tbox-shadow: 0 0px 0px rgba(0, 0, 0, .05);\r\n\t\tborder-radius: 4px;\r\n\t}\r\n#wpsm_accordion_399  .wpsm_panel + .wpsm_panel {\r\n\t\tmargin-top: 5px;\r\n\t}\r\n#wpsm_accordion_399  .wpsm_panel-body{\r\n\tbackground-color:#ffffff !important;\r\n\tcolor:#000000 !important;\r\n\tborder-top-color: #66ccff !important;\r\n\tfont-size:18px !important;\r\n\tfont-family: Helvetica !important;\r\n\toverflow: hidden;\r\n\t\tborder: 2px solid transparent !important;\r\n\t}\r\n\r\n#wpsm_accordion_399 .ac_open_cl_icon{\r\n\tbackground-color:#66ccff !important;\r\n\tcolor: #ffffff !important;\r\n\tfloat:right !important;\r\n\tpadding-top: 12px !important;\r\n\tpadding-bottom: 12px !important;\r\n\tline-height: 1.0 !important;\r\n\tpadding-left: 15px !important;\r\n\tpadding-right: 15px !important;\r\n\tdisplay: inline-block !important;\r\n}\r\n\r\n\t\t\t\r\n\t\t\t\t\r\n\t\r\n\t\t\t<\/style>\r\n\t\t\t<div class=\"wpsm_panel-group\" id=\"wpsm_accordion_399\" >\r\n\t\t\t\t\t\t\t\t\r\n\t\t\t\t\t<!-- Inner panel Start -->\r\n\t\t\t\t\t<div class=\"wpsm_panel wpsm_panel-default\">\r\n\t\t\t\t\t\t<div class=\"wpsm_panel-heading\" role=\"tab\" >\r\n\t\t\t\t\t\t  <h4 class=\"wpsm_panel-title\">\r\n\t\t\t\t\t\t\t<a  class=\"\"  data-toggle=\"collapse\" data-parent=\"#wpsm_accordion_399 \" href=\"#ac_399_collapse1\"  >\r\n\t\t\t\t\t\t\t\t\t\t\t\t\t\t\t\t\t<span class=\"ac_open_cl_icon fa fa-minus\"><\/span>\r\n\t\t\t\t\t\t\t\t\t\r\n\t\t\t\t\t\t\t\t \r\n\t\t\t\t\t\t\t\t<span class=\"ac_title_class\">\r\n\t\t\t\t\t\t\t\t\tO que \u00e9 uma unidade de terapia intensiva?\t\t\t\t\t\t\t\t<\/span>\r\n\t\t\t\t\t\t\t<\/a>\r\n\t\t\t\t\t\t  <\/h4>\r\n\t\t\t\t\t\t<\/div>\r\n\t\t\t\t\t\t<div id=\"ac_399_collapse1\" class=\"wpsm_panel-collapse collapse in\"  >\r\n\t\t\t\t\t\t  <div class=\"wpsm_panel-body\">\r\n\t\t\t\t\t\t\tA unidade de terapia intensiva (UTI) \u00e9 uma parte especial do hospital que presta assist\u00eancia a pacientes com les\u00f5es ou doen\u00e7as graves e potencialmente fatais. Descubra mais na nossa pagina <strong><a href=\"https:\/\/site.projetoaiti.medicina.ufmg.br\/index.php\/sobre-o-cti\/\">Sobre a UTI <\/a><\/strong>\t\t\t\t\t\t  <\/div>\r\n\t\t\t\t\t\t<\/div>\r\n\t\t\t\t\t<\/div>\r\n\t\t\t\t\t<!-- Inner panel End -->\r\n\t\t\t\t\t\r\n\t\t\t\t\t\t\t\t\r\n\t\t\t\t\t<!-- Inner panel Start -->\r\n\t\t\t\t\t<div class=\"wpsm_panel wpsm_panel-default\">\r\n\t\t\t\t\t\t<div class=\"wpsm_panel-heading\" role=\"tab\" >\r\n\t\t\t\t\t\t  <h4 class=\"wpsm_panel-title\">\r\n\t\t\t\t\t\t\t<a  class=\"collapsed\"  data-toggle=\"collapse\" data-parent=\"#wpsm_accordion_399 \" href=\"#ac_399_collapse2\"  >\r\n\t\t\t\t\t\t\t\t\t\t\t\t\t\t\t\t\t<span class=\"ac_open_cl_icon fa fa-plus\"><\/span>\r\n\t\t\t\t\t\t\t\t\t\r\n\t\t\t\t\t\t\t\t \r\n\t\t\t\t\t\t\t\t<span class=\"ac_title_class\">\r\n\t\t\t\t\t\t\t\t\tQue tipos de doen\u00e7as requerem cuidados intensivos?\t\t\t\t\t\t\t\t<\/span>\r\n\t\t\t\t\t\t\t<\/a>\r\n\t\t\t\t\t\t  <\/h4>\r\n\t\t\t\t\t\t<\/div>\r\n\t\t\t\t\t\t<div id=\"ac_399_collapse2\" class=\"wpsm_panel-collapse collapse \"  >\r\n\t\t\t\t\t\t  <div class=\"wpsm_panel-body\">\r\n\t\t\t\t\t\t\t<p>Qualquer doen\u00e7a ou situa\u00e7\u00e3o de sa\u00fade que ameace a vida. Incluindo pacientes submetido a grandes cirurgias em que existem chances de complica\u00e7\u00f5es graves<\/p>\r\n\r\n<p><em><strong>Doen\u00e7as que afetam o cora\u00e7\u00e3o e\/ou os vasos sangu\u00edneos importantes do corpo, como: <\/strong><\/em>\r\nInfarto do mioc\u00e1rdio (infarto do cora\u00e7\u00e3o), choque (descompensa\u00e7\u00e3o na din\u00e2mica sangu\u00ednea do corpo) entre outras causas de mal funcionamento do cora\u00e7\u00e3o como arritmias e insufici\u00eancia card\u00edaca grave<\/p>\r\n\r\n<p><em><strong>Doen\u00e7a que afetam os pulm\u00f5es e os m\u00fasculos usados \u200b\u200bpara respirar, como:<\/strong><\/em><strong>\r\n<\/strong>Parada respirat\u00f3ria; Pneumonia de dif\u00edcil tratamento e Embolia pulmonar<\/p>\r\n\r\n<p><em><strong>Problemas nos rins, como:<\/strong><\/em><strong>\r\n<\/strong>Fal\u00eancia renal<\/p>\r\n\r\n<p><em><strong>Doen\u00e7a que afeta a boca, o es\u00f4fago, o est\u00f4mago, os intestinos e outras partes do corpo que transportam alimentos, como:<\/strong><\/em><strong>\r\n<\/strong>Sangramentos importantes e desnutri\u00e7\u00e3o grave<\/p>\r\n\r\n<p><em><strong>Doen\u00e7a que afeta o c\u00e9rebro, a medula espinhal e os nervos que conectam o c\u00e9rebro aos bra\u00e7os, pernas e outros \u00f3rg\u00e3os, como:<\/strong><\/em><strong>\r\n<\/strong>Acidente vascular encef\u00e1lico (AVE) e encefalopatia<\/p>\r\n\r\n<p><em><strong>Grandes Infec\u00e7\u00f5es ou infec\u00e7\u00f5es em \u00f3rg\u00e3os muito importantes como c\u00e9rebro e cora\u00e7\u00e3o causada por um v\u00edrus, bact\u00e9ria ou fungo, como:<\/strong><\/em><strong>\r\n<\/strong>Sepse; pneumonia associada a ventila\u00e7\u00e3o mec\u00e2nica; Infec\u00e7\u00e3o relacionada ao cateter; Infec\u00e7\u00e3o resistente a diversos medicamentos.<p\/>\r\n\r\n<p><em><strong>Uma les\u00e3o grave tamb\u00e9m requer cuidados intensivos, seja o resultado de:<\/strong><\/em><strong>\r\n<\/strong>Um acidente de carro; um ferimento de bala ou facada; uma queda ou queimaduras<\/p>\t\t\t\t\t\t  <\/div>\r\n\t\t\t\t\t\t<\/div>\r\n\t\t\t\t\t<\/div>\r\n\t\t\t\t\t<!-- Inner panel End -->\r\n\t\t\t\t\t\r\n\t\t\t\t\t\t\t\t\r\n\t\t\t\t\t<!-- Inner panel Start -->\r\n\t\t\t\t\t<div class=\"wpsm_panel wpsm_panel-default\">\r\n\t\t\t\t\t\t<div class=\"wpsm_panel-heading\" role=\"tab\" >\r\n\t\t\t\t\t\t  <h4 class=\"wpsm_panel-title\">\r\n\t\t\t\t\t\t\t<a  class=\"collapsed\"  data-toggle=\"collapse\" data-parent=\"#wpsm_accordion_399 \" href=\"#ac_399_collapse3\"  >\r\n\t\t\t\t\t\t\t\t\t\t\t\t\t\t\t\t\t<span class=\"ac_open_cl_icon fa fa-plus\"><\/span>\r\n\t\t\t\t\t\t\t\t\t\r\n\t\t\t\t\t\t\t\t \r\n\t\t\t\t\t\t\t\t<span class=\"ac_title_class\">\r\n\t\t\t\t\t\t\t\t\tO que \u00e9 suporte a vida?\t\t\t\t\t\t\t\t<\/span>\r\n\t\t\t\t\t\t\t<\/a>\r\n\t\t\t\t\t\t  <\/h4>\r\n\t\t\t\t\t\t<\/div>\r\n\t\t\t\t\t\t<div id=\"ac_399_collapse3\" class=\"wpsm_panel-collapse collapse \"  >\r\n\t\t\t\t\t\t  <div class=\"wpsm_panel-body\">\r\n\t\t\t\t\t\t\t<p>Suporte de vida refere-se a v\u00e1rias terapias que ajudam a manter os pacientes vivos quando os \u00f3rg\u00e3os vitais est\u00e3o falhando. \u00a0 Na maioria das vezes, quando as pessoas dizem \u201csuporte de vida\u201d, elas se referem a um ventilador mec\u00e2nico, tamb\u00e9m conhecido como \u201cm\u00e1quina de respira\u00e7\u00e3o\u201d.<\/p>\r\n\r\nA ventila\u00e7\u00e3o mec\u00e2nica ajuda os pacientes a respirar empurrando ar para dentro de seus pulm\u00f5es. Outra forma de suporte \u00e0 vida \u00e9 a dialise que filtra as toxinas do sangue quando os rins est\u00e3o falhando.\t\t\t\t\t\t  <\/div>\r\n\t\t\t\t\t\t<\/div>\r\n\t\t\t\t\t<\/div>\r\n\t\t\t\t\t<!-- Inner panel End -->\r\n\t\t\t\t\t\r\n\t\t\t\t\t\t\t\t\r\n\t\t\t\t\t<!-- Inner panel Start -->\r\n\t\t\t\t\t<div class=\"wpsm_panel wpsm_panel-default\">\r\n\t\t\t\t\t\t<div class=\"wpsm_panel-heading\" role=\"tab\" >\r\n\t\t\t\t\t\t  <h4 class=\"wpsm_panel-title\">\r\n\t\t\t\t\t\t\t<a  class=\"collapsed\"  data-toggle=\"collapse\" data-parent=\"#wpsm_accordion_399 \" href=\"#ac_399_collapse4\"  >\r\n\t\t\t\t\t\t\t\t\t\t\t\t\t\t\t\t\t<span class=\"ac_open_cl_icon fa fa-plus\"><\/span>\r\n\t\t\t\t\t\t\t\t\t\r\n\t\t\t\t\t\t\t\t \r\n\t\t\t\t\t\t\t\t<span class=\"ac_title_class\">\r\n\t\t\t\t\t\t\t\t\tO que \u00e9 choque?\t\t\t\t\t\t\t\t<\/span>\r\n\t\t\t\t\t\t\t<\/a>\r\n\t\t\t\t\t\t  <\/h4>\r\n\t\t\t\t\t\t<\/div>\r\n\t\t\t\t\t\t<div id=\"ac_399_collapse4\" class=\"wpsm_panel-collapse collapse \"  >\r\n\t\t\t\t\t\t  <div class=\"wpsm_panel-body\">\r\n\t\t\t\t\t\t\t<p>O choque \u00e9 uma condi\u00e7\u00e3o na qual \u00f3rg\u00e3os vitais n\u00e3o est\u00e3o recebendo oxig\u00eanio suficiente devido \u00e0 dificuldade da chegada do sangue at\u00e9 eles, normalmente devido a baixa press\u00e3o sangu\u00ednea. O choque pode ser causado por muitas condi\u00e7\u00f5es m\u00e9dicas, como ataque card\u00edaco, perda maci\u00e7a de sangue, trauma grave ou sepse. <br><br>A tentativa de tratamento se faz com uma reposi\u00e7\u00e3o de volume de liquido como soro e sangue; muitos casos necessitam o uso de drogas que aumentam a press\u00e3o arterial (como a adrenalina) tentando facilitar a chegada de sangue aos \u00f3rg\u00e3os.<\/p>\t\t\t\t\t\t  <\/div>\r\n\t\t\t\t\t\t<\/div>\r\n\t\t\t\t\t<\/div>\r\n\t\t\t\t\t<!-- Inner panel End -->\r\n\t\t\t\t\t\r\n\t\t\t\t\t\t\t\t\r\n\t\t\t\t\t<!-- Inner panel Start -->\r\n\t\t\t\t\t<div class=\"wpsm_panel wpsm_panel-default\">\r\n\t\t\t\t\t\t<div class=\"wpsm_panel-heading\" role=\"tab\" >\r\n\t\t\t\t\t\t  <h4 class=\"wpsm_panel-title\">\r\n\t\t\t\t\t\t\t<a  class=\"collapsed\"  data-toggle=\"collapse\" data-parent=\"#wpsm_accordion_399 \" href=\"#ac_399_collapse5\"  >\r\n\t\t\t\t\t\t\t\t\t\t\t\t\t\t\t\t\t<span class=\"ac_open_cl_icon fa fa-plus\"><\/span>\r\n\t\t\t\t\t\t\t\t\t\r\n\t\t\t\t\t\t\t\t \r\n\t\t\t\t\t\t\t\t<span class=\"ac_title_class\">\r\n\t\t\t\t\t\t\t\t\tO que \u00e9 fal\u00eancia respirat\u00f3ria?\t\t\t\t\t\t\t\t<\/span>\r\n\t\t\t\t\t\t\t<\/a>\r\n\t\t\t\t\t\t  <\/h4>\r\n\t\t\t\t\t\t<\/div>\r\n\t\t\t\t\t\t<div id=\"ac_399_collapse5\" class=\"wpsm_panel-collapse collapse \"  >\r\n\t\t\t\t\t\t  <div class=\"wpsm_panel-body\">\r\n\t\t\t\t\t\t\t<p>A insufici\u00eancia respirat\u00f3ria \u00e9 uma falha pulmonar que resulta em n\u00edveis perigosamente baixos de oxig\u00eanio (O2) ou n\u00edveis perigosamente altos de di\u00f3xido de carbono (CO2), que \u00e9 um g\u00e1s residual. A insufici\u00eancia respirat\u00f3ria pode resultar de condi\u00e7\u00f5es pulmonares, como pneumonia, enfisema ou inala\u00e7\u00e3o de fuma\u00e7a. A insufici\u00eancia respirat\u00f3ria tamb\u00e9m pode ser causada por condi\u00e7\u00f5es que afetam os nervos e m\u00fasculos que controlam a respira\u00e7\u00e3o, como overdoses de drogas e \u00e1lcool.<br><br>Muitas vezes esses pacientes necessitam de ventila\u00e7\u00e3o mec\u00e2nica <\/p>\t\t\t\t\t\t  <\/div>\r\n\t\t\t\t\t\t<\/div>\r\n\t\t\t\t\t<\/div>\r\n\t\t\t\t\t<!-- Inner panel End -->\r\n\t\t\t\t\t\r\n\t\t\t\t\t\t\t\t\r\n\t\t\t\t\t<!-- Inner panel Start -->\r\n\t\t\t\t\t<div class=\"wpsm_panel wpsm_panel-default\">\r\n\t\t\t\t\t\t<div class=\"wpsm_panel-heading\" role=\"tab\" >\r\n\t\t\t\t\t\t  <h4 class=\"wpsm_panel-title\">\r\n\t\t\t\t\t\t\t<a  class=\"collapsed\"  data-toggle=\"collapse\" data-parent=\"#wpsm_accordion_399 \" href=\"#ac_399_collapse6\"  >\r\n\t\t\t\t\t\t\t\t\t\t\t\t\t\t\t\t\t<span class=\"ac_open_cl_icon fa fa-plus\"><\/span>\r\n\t\t\t\t\t\t\t\t\t\r\n\t\t\t\t\t\t\t\t \r\n\t\t\t\t\t\t\t\t<span class=\"ac_title_class\">\r\n\t\t\t\t\t\t\t\t\t\u00c9 normal ter dificuldades ap\u00f3s sair da UTI?\t\t\t\t\t\t\t\t<\/span>\r\n\t\t\t\t\t\t\t<\/a>\r\n\t\t\t\t\t\t  <\/h4>\r\n\t\t\t\t\t\t<\/div>\r\n\t\t\t\t\t\t<div id=\"ac_399_collapse6\" class=\"wpsm_panel-collapse collapse \"  >\r\n\t\t\t\t\t\t  <div class=\"wpsm_panel-body\">\r\n\t\t\t\t\t\t\t<p>Existem muitos problemas que podem surgir em pacientes que foram submetidos aos cuidados intensivos. Dentro disso foi criado o conceito de  <strong><a href=\"https:\/\/site.projetoaiti.medicina.ufmg.br\/index.php\/spti\/\">S\u00edndrome P\u00f3s Terapia Intensiva (SPTI).<\/a><\/strong> A boa noticia \u00e9 que existem diversas formas de o paciente e seus familiares ajudarem na preven\u00e7\u00e3o dessa s\u00edndrome, dentro dessa ideia, se informar \u00e9 um dos passos mais importantes nesse combate a SPTI<br><br><em><strong>\u00c9 normal ter dificuldade para pensar?\u00a0<\/strong><\/em><strong><br><\/strong>Sim, muitos dos pacientes sentem dificuldades com as tarefas di\u00e1rias, como fazer ou planejar compras. Alguns estudos demonstram que mais da metade dos pacientes tem dificuldade em pensar (tamb\u00e9m conhecido como comprometimento cognitivo) um ano depois de ter uma doen\u00e7a grave. <br><br><em><strong>\u00c9 normal ficar nervoso ou ansioso ao lembrar de eventos que ocorreram enquanto estava na UTI?<\/strong><\/em><br>O Transtorno de Estresse P\u00f3s-Traum\u00e1tico \u00e9 uma condi\u00e7\u00e3o psiqui\u00e1trica que ocorre como rea\u00e7\u00e3o a um evento traum\u00e1tico para o paciente. Ocorre em 10-20% dos pacientes ap\u00f3s uma doen\u00e7a cr\u00edtica. Os pacientes podem ficar ansiosos, ter pesadelos, evitar cuidados de sa\u00fade e se tornarem distantes do cuidado com a sa\u00fade pr\u00f3pria.<br><br><em><strong>\u00c9 normal sentir-se deprimido ap\u00f3s a interna\u00e7\u00e3o em uma UTI?<\/strong><\/em><strong><br><\/strong>Depress\u00e3o ocorre em um dos tr\u00eas pacientes ap\u00f3s doen\u00e7a cr\u00edtica. Os sintomas incluem tristeza prolongada, perda de interesse em atividades que costumavam ser agrad\u00e1veis, incapacidade de concentra\u00e7\u00e3o, mudan\u00e7as no apetite, altera\u00e7\u00f5es no sono e cansa\u00e7o excessivo.<\/p>\t\t\t\t\t\t  <\/div>\r\n\t\t\t\t\t\t<\/div>\r\n\t\t\t\t\t<\/div>\r\n\t\t\t\t\t<!-- Inner panel End -->\r\n\t\t\t\t\t\r\n\t\t\t\t\t\t\t\t\r\n\t\t\t\t\t<!-- Inner panel Start -->\r\n\t\t\t\t\t<div class=\"wpsm_panel wpsm_panel-default\">\r\n\t\t\t\t\t\t<div class=\"wpsm_panel-heading\" role=\"tab\" >\r\n\t\t\t\t\t\t  <h4 class=\"wpsm_panel-title\">\r\n\t\t\t\t\t\t\t<a  class=\"collapsed\"  data-toggle=\"collapse\" data-parent=\"#wpsm_accordion_399 \" href=\"#ac_399_collapse7\"  >\r\n\t\t\t\t\t\t\t\t\t\t\t\t\t\t\t\t\t<span class=\"ac_open_cl_icon fa fa-plus\"><\/span>\r\n\t\t\t\t\t\t\t\t\t\r\n\t\t\t\t\t\t\t\t \r\n\t\t\t\t\t\t\t\t<span class=\"ac_title_class\">\r\n\t\t\t\t\t\t\t\t\tO que \u00e9 sepse?\t\t\t\t\t\t\t\t<\/span>\r\n\t\t\t\t\t\t\t<\/a>\r\n\t\t\t\t\t\t  <\/h4>\r\n\t\t\t\t\t\t<\/div>\r\n\t\t\t\t\t\t<div id=\"ac_399_collapse7\" class=\"wpsm_panel-collapse collapse \"  >\r\n\t\t\t\t\t\t  <div class=\"wpsm_panel-body\">\r\n\t\t\t\t\t\t\tConhe\u00e7a mais aqui\t\t\t\t\t\t  <\/div>\r\n\t\t\t\t\t\t<\/div>\r\n\t\t\t\t\t<\/div>\r\n\t\t\t\t\t<!-- Inner panel End -->\r\n\t\t\t\t\t\r\n\t\t\t\t\t\t\t\t\r\n\t\t\t\t\t<!-- Inner panel Start -->\r\n\t\t\t\t\t<div class=\"wpsm_panel wpsm_panel-default\">\r\n\t\t\t\t\t\t<div class=\"wpsm_panel-heading\" role=\"tab\" >\r\n\t\t\t\t\t\t  <h4 class=\"wpsm_panel-title\">\r\n\t\t\t\t\t\t\t<a  class=\"collapsed\"  data-toggle=\"collapse\" data-parent=\"#wpsm_accordion_399 \" href=\"#ac_399_collapse8\"  >\r\n\t\t\t\t\t\t\t\t\t\t\t\t\t\t\t\t\t<span class=\"ac_open_cl_icon fa fa-plus\"><\/span>\r\n\t\t\t\t\t\t\t\t\t\r\n\t\t\t\t\t\t\t\t \r\n\t\t\t\t\t\t\t\t<span class=\"ac_title_class\">\r\n\t\t\t\t\t\t\t\t\tO que s\u00e3o os aparelhos \u201dligados\u201d ao paciente na UTI?\t\t\t\t\t\t\t\t<\/span>\r\n\t\t\t\t\t\t\t<\/a>\r\n\t\t\t\t\t\t  <\/h4>\r\n\t\t\t\t\t\t<\/div>\r\n\t\t\t\t\t\t<div id=\"ac_399_collapse8\" class=\"wpsm_panel-collapse collapse \"  >\r\n\t\t\t\t\t\t  <div class=\"wpsm_panel-body\">\r\n\t\t\t\t\t\t\tConhe\u00e7a mais aqui\t\t\t\t\t\t  <\/div>\r\n\t\t\t\t\t\t<\/div>\r\n\t\t\t\t\t<\/div>\r\n\t\t\t\t\t<!-- Inner panel End -->\r\n\t\t\t\t\t\r\n\t\t\t\t\t\t\t<\/div>\r\n\t\t\t\n\n\n<figure class=\"wp-block-image is-resized\"><img loading=\"lazy\" src=\"https:\/\/site.projetoaiti.medicina.ufmg.br\/wp-content\/uploads\/2019\/05\/2353330-1024x1024.jpg\" alt=\"\" class=\"wp-image-99\" width=\"649\" height=\"649\" srcset=\"https:\/\/projetoaiti.medicina.ufmg.br\/wp-content\/uploads\/2019\/05\/2353330-1024x1024.jpg 1024w, https:\/\/projetoaiti.medicina.ufmg.br\/wp-content\/uploads\/2019\/05\/2353330-150x150.jpg 150w, https:\/\/projetoaiti.medicina.ufmg.br\/wp-content\/uploads\/2019\/05\/2353330-300x300.jpg 300w, https:\/\/projetoaiti.medicina.ufmg.br\/wp-content\/uploads\/2019\/05\/2353330-768x768.jpg 768w, https:\/\/projetoaiti.medicina.ufmg.br\/wp-content\/uploads\/2019\/05\/2353330-100x100.jpg 100w, https:\/\/projetoaiti.medicina.ufmg.br\/wp-content\/uploads\/2019\/05\/2353330.jpg 2000w\" sizes=\"(max-width: 649px) 100vw, 649px\" \/><\/figure>\n","protected":false},"excerpt":{"rendered":"<p>Com o intuito de auxiliar os visitantes do site deixamos aqui uma breve resposta das principais d\u00favidas que chegaram at\u00e9 n\u00f3s seja por contato direto com algum membro da equipe ou na aba Entre em Contato Conhe\u00e7a nosso gloss\u00e1rio (dicionario especifico) sobre termos mais utilizados em UTI e pelo site<\/p>\n","protected":false},"author":2,"featured_media":0,"parent":0,"menu_order":0,"comment_status":"closed","ping_status":"closed","template":"","meta":[],"_links":{"self":[{"href":"https:\/\/projetoaiti.medicina.ufmg.br\/index.php\/wp-json\/wp\/v2\/pages\/250"}],"collection":[{"href":"https:\/\/projetoaiti.medicina.ufmg.br\/index.php\/wp-json\/wp\/v2\/pages"}],"about":[{"href":"https:\/\/projetoaiti.medicina.ufmg.br\/index.php\/wp-json\/wp\/v2\/types\/page"}],"author":[{"embeddable":true,"href":"https:\/\/projetoaiti.medicina.ufmg.br\/index.php\/wp-json\/wp\/v2\/users\/2"}],"replies":[{"embeddable":true,"href":"https:\/\/projetoaiti.medicina.ufmg.br\/index.php\/wp-json\/wp\/v2\/comments?post=250"}],"version-history":[{"count":58,"href":"https:\/\/projetoaiti.medicina.ufmg.br\/index.php\/wp-json\/wp\/v2\/pages\/250\/revisions"}],"predecessor-version":[{"id":739,"href":"https:\/\/projetoaiti.medicina.ufmg.br\/index.php\/wp-json\/wp\/v2\/pages\/250\/revisions\/739"}],"wp:attachment":[{"href":"https:\/\/projetoaiti.medicina.ufmg.br\/index.php\/wp-json\/wp\/v2\/media?parent=250"}],"curies":[{"name":"wp","href":"https:\/\/api.w.org\/{rel}","templated":true}]}}